{"id":15771,"date":"2022-04-29T10:55:20","date_gmt":"2022-04-29T08:55:20","guid":{"rendered":"https:\/\/www.munker-interiors.com\/datenschutzrichtlinie\/"},"modified":"2024-01-24T09:00:01","modified_gmt":"2024-01-24T08:00:01","slug":"datenschutzrichtlinie","status":"publish","type":"page","link":"https:\/\/www.munker-interiors.com\/de\/datenschutzrichtlinie\/","title":{"rendered":"Datenschutzrichtlinie"},"content":{"rendered":"\t\t<div data-elementor-type=\"wp-page\" data-elementor-id=\"15771\" class=\"elementor elementor-15771 elementor-106\" data-elementor-post-type=\"page\">\n\t\t\t\t\t\t<section class=\"elementor-section elementor-top-section elementor-element elementor-element-63f7820 elementor-section-boxed elementor-section-height-default elementor-section-height-default\" data-id=\"63f7820\" data-element_type=\"section\" data-e-type=\"section\">\n\t\t\t\t\t\t<div class=\"elementor-container elementor-column-gap-default\">\n\t\t\t\t\t<div class=\"elementor-column elementor-col-100 elementor-top-column elementor-element elementor-element-7c3369a\" data-id=\"7c3369a\" data-element_type=\"column\" data-e-type=\"column\">\n\t\t\t<div class=\"elementor-widget-wrap elementor-element-populated\">\n\t\t\t\t\t\t<div class=\"elementor-element elementor-element-b10b31e elementor-widget elementor-widget-heading\" data-id=\"b10b31e\" data-element_type=\"widget\" data-e-type=\"widget\" data-widget_type=\"heading.default\">\n\t\t\t\t<div class=\"elementor-widget-container\">\n\t\t\t\t\t<h2 class=\"elementor-heading-title elementor-size-default\">Datenschutzrichtlinie<\/h2>\t\t\t\t<\/div>\n\t\t\t\t<\/div>\n\t\t\t\t<div class=\"elementor-element elementor-element-7e9f4ec elementor-widget elementor-widget-text-editor\" data-id=\"7e9f4ec\" data-element_type=\"widget\" data-e-type=\"widget\" data-widget_type=\"text-editor.default\">\n\t\t\t\t<div class=\"elementor-widget-container\">\n\t\t\t\t\t\t\t\t\t<p>Datenschutzerkl\u00e4rung Diese Datenschutzerkl\u00e4rung richtet sich an unsere Besucher und (potenziellen) Kunden. Diese Datenschutzerkl\u00e4rung gilt nicht f\u00fcr Dienste, die von Dritten angeboten werden. Personenbezogene Daten und Verwendung Munker erh\u00e4lt personenbezogene Daten direkt von seinen Kunden. Die folgenden personenbezogenen Daten werden von Munker zu den unten genannten Zwecken verarbeitet:<\/p>\n<p>Die Kontaktdaten werden verwendet, um Sie zu kontaktieren, wenn Sie das Kontaktformular auf der Website ausf\u00fcllen.<br \/>Die Kontaktdaten werden f\u00fcr den Versand von Angeboten und Rechnungen sowie f\u00fcr die F\u00fchrung ordnungsgem\u00e4\u00dfer Finanzunterlagen verwendet.<br \/>Das Surfverhalten auf unserer Website, die Dauer Ihres Besuchs auf der Website und Ihre IP-Adresse werden verarbeitet, um die Website zu verbessern und unser Dienstleistungsangebot auf Sie abzustimmen.<\/p>\n<p>Die Grundlage der Verarbeitung<br \/>Munker verarbeitet die oben genannten personenbezogenen Daten auf der Grundlage eines Vertrags, den wir mit unseren Kunden abschlie\u00dfen. Wir verarbeiten personenbezogene Daten auch, weil wir dazu gesetzlich verpflichtet sind. Wir k\u00f6nnen personenbezogene Daten auch auf der Grundlage eines berechtigten Interesses verarbeiten.<\/p>\n<p>Mit wem werden personenbezogene Daten ausgetauscht?<br \/>Munker gibt die erforderlichen personenbezogenen Daten nur dann an Dritte weiter, wenn dies f\u00fcr die Ausf\u00fchrung der Arbeit erforderlich ist. Dabei wird stets der Zweck der Verarbeitung ber\u00fccksichtigt. Wenn Munker sich daf\u00fcr entscheidet, Ihre personenbezogenen Daten von einem Dritten verarbeiten zu lassen, wird ein Auftragsverarbeitungsvertrag geschlossen.<\/p>\n<p>Aufbewahrungsfristen<br \/>Die personenbezogenen Daten unserer Kunden werden gel\u00f6scht, wenn die Verarbeitung nicht mehr erforderlich ist oder wenn die gesetzlichen Aufbewahrungsfristen abgelaufen sind.<\/p>\n<p>Die Website<br \/>Wir setzen verschiedene Arten von Cookies auf unserer Website. Dabei handelt es sich um kleine Textdateien, die unsere Website auf Ihrem Computer, Tablet oder Smartphone ablegt, w\u00e4hrend Sie unsere Website besuchen. Funktionale Cookies sind wichtig, damit unsere Website ordnungsgem\u00e4\u00df funktioniert und einfacher zu nutzen ist. Diese Cookies speichern z. B. Einstellungen. Analytische Cookies von Google Analytics messen den Website-Verkehr, damit wir unsere Website verbessern k\u00f6nnen. Durch die Einstellungen haben wir sichergestellt, dass personenbezogene Daten anonymisiert werden. Wir setzen stets funktionale und analytische Cookies und verwenden sie nicht, um Besucher pers\u00f6nlich zu identifizieren. Auf dieser Website bitten wir um die Erlaubnis zur Verwendung von Tracking-Cookies. Dies sind Cookies, die nicht f\u00fcr Notf\u00e4lle bestimmt sind. Durch diese Cookies wird Ihr Besuch auf der Website nachverfolgt, um beispielsweise ein Profil des Website-Besuchers zu erstellen. Einmal platzierte Cookies k\u00f6nnen Sie \u00fcber die Einstellungen des von Ihnen verwendeten Browsers l\u00f6schen. Wir geben die auf diese Weise erhobenen personenbezogenen Daten nicht an Dritte zu kommerziellen Zwecken weiter. Wir verwenden sie auch nicht, um Sie auf andere Weise mit Informationen zu versorgen.<\/p>\n<p>Sicherheit<br \/>Munker legt gro\u00dfen Wert auf die Sicherheit Ihrer pers\u00f6nlichen Daten und unternimmt alle Anstrengungen, um ein risikoangemessenes Sicherheitsniveau zu gew\u00e4hrleisten. Wir treffen geeignete technische und organisatorische Ma\u00dfnahmen unter Ber\u00fccksichtigung des Stands der Technik und der damit verbundenen Kosten.<\/p>\n<p>Ihre Rechte<br \/>Sie haben das Recht auf Zugang, Berichtigung oder L\u00f6schung Ihrer personenbezogenen Daten. Sie k\u00f6nnen auch der Verarbeitung Ihrer Daten widersprechen, uns bitten, die Verarbeitung einzuschr\u00e4nken oder Ihre personenbezogenen Daten an einen Dritten zu \u00fcbermitteln. Wenn Sie eines Ihrer Rechte aus\u00fcben m\u00f6chten, informieren Sie uns bitte. Anfragen sollten an info@munker.com gerichtet werden. Sie k\u00f6nnen einen Antrag nur f\u00fcr sich selbst stellen. Da wir mit personenbezogenen Daten sehr sorgf\u00e4ltig umgehen, m\u00f6chten wir sicherstellen, dass der Antrag von der richtigen Person gestellt wird. Wir k\u00f6nnen Sie daher bitten, bei uns vorbeizukommen, um zu \u00fcberpr\u00fcfen, ob Sie die Person sind, die den Antrag stellt. Wir werden alle Antr\u00e4ge pr\u00fcfen und Sie erhalten innerhalb eines Monats eine Antwort von uns. In manchen F\u00e4llen k\u00f6nnen wir einem L\u00f6schungsantrag nicht nachkommen, zum Beispiel. Ein Grund daf\u00fcr ist, dass wir an eine gesetzliche Aufbewahrungsfrist gebunden sind und diese Frist zum Beispiel noch nicht abgelaufen ist.<\/p>\n<p>Beanstandungen<br \/>Wenn Sie mit der Art und Weise, wie wir Ihre pers\u00f6nlichen Daten behandeln, unzufrieden sind, k\u00f6nnen Sie uns dies auch \u00fcber info@munker.com mitteilen. Sie haben auch das Recht, eine Beschwerde bei der Beh\u00f6rde f\u00fcr personenbezogene Daten einzureichen. \u00c4nderungen der Datenschutzerkl\u00e4rung Diese Datenschutzerkl\u00e4rung wurde am 10-03-2021 angenommen und zuletzt am 10-03-2021 ge\u00e4ndert. Aufgrund m\u00f6glicher \u00c4nderungen von Gesetzen und Vorschriften und\/oder \u00c4nderungen bei der Verarbeitung von personenbezogenen Daten beh\u00e4lt sich Munker das Recht vor, den Inhalt dieser Datenschutzerkl\u00e4rung zu \u00e4ndern. Um sich \u00fcber etwaige \u00c4nderungen auf dem Laufenden zu halten, empfehlen wir, diese Datenschutzerkl\u00e4rung regelm\u00e4\u00dfig zu lesen. Contact Munker ist der f\u00fcr die oben genannten Verarbeitungen Verantwortliche, da wir die Zwecke und Mittel der Verarbeitung bestimmen. Munker befindet sich in (7558 PJ) Hengelo am Oosterveldsingel 1 und ist erreichbar unter: info@munker.com.<\/p>\n\t\t\t\t\t\t\t\t<\/div>\n\t\t\t\t<\/div>\n\t\t\t\t\t<\/div>\n\t\t<\/div>\n\t\t\t\t\t<\/div>\n\t\t<\/section>\n\t\t\t\t<\/div>\n\t\t","protected":false},"excerpt":{"rendered":"<p>Datenschutzrichtlinie Datenschutzerkl\u00e4rung Diese Datenschutzerkl\u00e4rung richtet sich an unsere Besucher und (potenziellen) Kunden. Diese Datenschutzerkl\u00e4rung gilt nicht f\u00fcr Dienste, die von Dritten angeboten werden. Personenbezogene Daten und Verwendung Munker erh\u00e4lt personenbezogene Daten direkt von seinen Kunden. Die folgenden personenbezogenen Daten werden von Munker zu den unten genannten Zwecken verarbeitet: Die Kontaktdaten werden verwendet, um Sie zu [&hellip;]<\/p>\n","protected":false},"author":1,"featured_media":0,"parent":0,"menu_order":0,"comment_status":"closed","ping_status":"closed","template":"","meta":{"_acf_changed":false,"footnotes":""},"class_list":["post-15771","page","type-page","status-publish","hentry"],"acf":[],"yoast_head":"<!-- This site is optimized with the Yoast SEO plugin v27.3 - https:\/\/yoast.com\/product\/yoast-seo-wordpress\/ -->\n<title>Datenschutzrichtlinie - Munker Versteend Hout<\/title>\n<meta name=\"robots\" content=\"index, follow, max-snippet:-1, max-image-preview:large, max-video-preview:-1\" \/>\n<link rel=\"canonical\" href=\"https:\/\/www.munker-interiors.com\/de\/datenschutzrichtlinie\/\" \/>\n<meta property=\"og:locale\" content=\"de_DE\" \/>\n<meta property=\"og:type\" content=\"article\" \/>\n<meta property=\"og:title\" content=\"Datenschutzrichtlinie - Munker Versteend Hout\" \/>\n<meta property=\"og:description\" content=\"Datenschutzrichtlinie Datenschutzerkl\u00e4rung Diese Datenschutzerkl\u00e4rung richtet sich an unsere Besucher und (potenziellen) Kunden. Diese Datenschutzerkl\u00e4rung gilt nicht f\u00fcr Dienste, die von Dritten angeboten werden. Personenbezogene Daten und Verwendung Munker erh\u00e4lt personenbezogene Daten direkt von seinen Kunden. Die folgenden personenbezogenen Daten werden von Munker zu den unten genannten Zwecken verarbeitet: Die Kontaktdaten werden verwendet, um Sie zu [&hellip;]\" \/>\n<meta property=\"og:url\" content=\"https:\/\/www.munker-interiors.com\/de\/datenschutzrichtlinie\/\" \/>\n<meta property=\"og:site_name\" content=\"Munker Versteend Hout\" \/>\n<meta property=\"article:modified_time\" content=\"2024-01-24T08:00:01+00:00\" \/>\n<meta name=\"twitter:card\" content=\"summary_large_image\" \/>\n<meta name=\"twitter:label1\" content=\"Gesch\u00e4tzte Lesezeit\" \/>\n\t<meta name=\"twitter:data1\" content=\"4\u00a0Minuten\" \/>\n<script type=\"application\/ld+json\" class=\"yoast-schema-graph\">{\"@context\":\"https:\\\/\\\/schema.org\",\"@graph\":[{\"@type\":\"WebPage\",\"@id\":\"https:\\\/\\\/www.munker-interiors.com\\\/de\\\/datenschutzrichtlinie\\\/\",\"url\":\"https:\\\/\\\/www.munker-interiors.com\\\/de\\\/datenschutzrichtlinie\\\/\",\"name\":\"Datenschutzrichtlinie - Munker Versteend Hout\",\"isPartOf\":{\"@id\":\"https:\\\/\\\/www.munker-interiors.com\\\/de\\\/#website\"},\"datePublished\":\"2022-04-29T08:55:20+00:00\",\"dateModified\":\"2024-01-24T08:00:01+00:00\",\"breadcrumb\":{\"@id\":\"https:\\\/\\\/www.munker-interiors.com\\\/de\\\/datenschutzrichtlinie\\\/#breadcrumb\"},\"inLanguage\":\"de\",\"potentialAction\":[{\"@type\":\"ReadAction\",\"target\":[\"https:\\\/\\\/www.munker-interiors.com\\\/de\\\/datenschutzrichtlinie\\\/\"]}]},{\"@type\":\"BreadcrumbList\",\"@id\":\"https:\\\/\\\/www.munker-interiors.com\\\/de\\\/datenschutzrichtlinie\\\/#breadcrumb\",\"itemListElement\":[{\"@type\":\"ListItem\",\"position\":1,\"name\":\"Home\",\"item\":\"https:\\\/\\\/www.munker-interiors.com\\\/de\\\/\"},{\"@type\":\"ListItem\",\"position\":2,\"name\":\"Datenschutzrichtlinie\"}]},{\"@type\":\"WebSite\",\"@id\":\"https:\\\/\\\/www.munker-interiors.com\\\/de\\\/#website\",\"url\":\"https:\\\/\\\/www.munker-interiors.com\\\/de\\\/\",\"name\":\"Munker Versteend Hout\",\"description\":\"\",\"publisher\":{\"@id\":\"https:\\\/\\\/www.munker-interiors.com\\\/de\\\/#organization\"},\"potentialAction\":[{\"@type\":\"SearchAction\",\"target\":{\"@type\":\"EntryPoint\",\"urlTemplate\":\"https:\\\/\\\/www.munker-interiors.com\\\/de\\\/?s={search_term_string}\"},\"query-input\":{\"@type\":\"PropertyValueSpecification\",\"valueRequired\":true,\"valueName\":\"search_term_string\"}}],\"inLanguage\":\"de\"},{\"@type\":\"Organization\",\"@id\":\"https:\\\/\\\/www.munker-interiors.com\\\/de\\\/#organization\",\"name\":\"Munker Versteend Hout\",\"url\":\"https:\\\/\\\/www.munker-interiors.com\\\/de\\\/\",\"logo\":{\"@type\":\"ImageObject\",\"inLanguage\":\"de\",\"@id\":\"https:\\\/\\\/www.munker-interiors.com\\\/de\\\/#\\\/schema\\\/logo\\\/image\\\/\",\"url\":\"https:\\\/\\\/www.munker-interiors.com\\\/wp-content\\\/uploads\\\/2022\\\/04\\\/vector-01-1-1.svg\",\"contentUrl\":\"https:\\\/\\\/www.munker-interiors.com\\\/wp-content\\\/uploads\\\/2022\\\/04\\\/vector-01-1-1.svg\",\"caption\":\"Munker Versteend Hout\"},\"image\":{\"@id\":\"https:\\\/\\\/www.munker-interiors.com\\\/de\\\/#\\\/schema\\\/logo\\\/image\\\/\"}}]}<\/script>\n<!-- \/ Yoast SEO plugin. -->","yoast_head_json":{"title":"Datenschutzrichtlinie - Munker Versteend Hout","robots":{"index":"index","follow":"follow","max-snippet":"max-snippet:-1","max-image-preview":"max-image-preview:large","max-video-preview":"max-video-preview:-1"},"canonical":"https:\/\/www.munker-interiors.com\/de\/datenschutzrichtlinie\/","og_locale":"de_DE","og_type":"article","og_title":"Datenschutzrichtlinie - Munker Versteend Hout","og_description":"Datenschutzrichtlinie Datenschutzerkl\u00e4rung Diese Datenschutzerkl\u00e4rung richtet sich an unsere Besucher und (potenziellen) Kunden. Diese Datenschutzerkl\u00e4rung gilt nicht f\u00fcr Dienste, die von Dritten angeboten werden. Personenbezogene Daten und Verwendung Munker erh\u00e4lt personenbezogene Daten direkt von seinen Kunden. Die folgenden personenbezogenen Daten werden von Munker zu den unten genannten Zwecken verarbeitet: Die Kontaktdaten werden verwendet, um Sie zu [&hellip;]","og_url":"https:\/\/www.munker-interiors.com\/de\/datenschutzrichtlinie\/","og_site_name":"Munker Versteend Hout","article_modified_time":"2024-01-24T08:00:01+00:00","twitter_card":"summary_large_image","twitter_misc":{"Gesch\u00e4tzte Lesezeit":"4\u00a0Minuten"},"schema":{"@context":"https:\/\/schema.org","@graph":[{"@type":"WebPage","@id":"https:\/\/www.munker-interiors.com\/de\/datenschutzrichtlinie\/","url":"https:\/\/www.munker-interiors.com\/de\/datenschutzrichtlinie\/","name":"Datenschutzrichtlinie - Munker Versteend Hout","isPartOf":{"@id":"https:\/\/www.munker-interiors.com\/de\/#website"},"datePublished":"2022-04-29T08:55:20+00:00","dateModified":"2024-01-24T08:00:01+00:00","breadcrumb":{"@id":"https:\/\/www.munker-interiors.com\/de\/datenschutzrichtlinie\/#breadcrumb"},"inLanguage":"de","potentialAction":[{"@type":"ReadAction","target":["https:\/\/www.munker-interiors.com\/de\/datenschutzrichtlinie\/"]}]},{"@type":"BreadcrumbList","@id":"https:\/\/www.munker-interiors.com\/de\/datenschutzrichtlinie\/#breadcrumb","itemListElement":[{"@type":"ListItem","position":1,"name":"Home","item":"https:\/\/www.munker-interiors.com\/de\/"},{"@type":"ListItem","position":2,"name":"Datenschutzrichtlinie"}]},{"@type":"WebSite","@id":"https:\/\/www.munker-interiors.com\/de\/#website","url":"https:\/\/www.munker-interiors.com\/de\/","name":"Munker Versteend Hout","description":"","publisher":{"@id":"https:\/\/www.munker-interiors.com\/de\/#organization"},"potentialAction":[{"@type":"SearchAction","target":{"@type":"EntryPoint","urlTemplate":"https:\/\/www.munker-interiors.com\/de\/?s={search_term_string}"},"query-input":{"@type":"PropertyValueSpecification","valueRequired":true,"valueName":"search_term_string"}}],"inLanguage":"de"},{"@type":"Organization","@id":"https:\/\/www.munker-interiors.com\/de\/#organization","name":"Munker Versteend Hout","url":"https:\/\/www.munker-interiors.com\/de\/","logo":{"@type":"ImageObject","inLanguage":"de","@id":"https:\/\/www.munker-interiors.com\/de\/#\/schema\/logo\/image\/","url":"https:\/\/www.munker-interiors.com\/wp-content\/uploads\/2022\/04\/vector-01-1-1.svg","contentUrl":"https:\/\/www.munker-interiors.com\/wp-content\/uploads\/2022\/04\/vector-01-1-1.svg","caption":"Munker Versteend Hout"},"image":{"@id":"https:\/\/www.munker-interiors.com\/de\/#\/schema\/logo\/image\/"}}]}},"_links":{"self":[{"href":"https:\/\/www.munker-interiors.com\/de\/wp-json\/wp\/v2\/pages\/15771","targetHints":{"allow":["GET"]}}],"collection":[{"href":"https:\/\/www.munker-interiors.com\/de\/wp-json\/wp\/v2\/pages"}],"about":[{"href":"https:\/\/www.munker-interiors.com\/de\/wp-json\/wp\/v2\/types\/page"}],"author":[{"embeddable":true,"href":"https:\/\/www.munker-interiors.com\/de\/wp-json\/wp\/v2\/users\/1"}],"replies":[{"embeddable":true,"href":"https:\/\/www.munker-interiors.com\/de\/wp-json\/wp\/v2\/comments?post=15771"}],"version-history":[{"count":1,"href":"https:\/\/www.munker-interiors.com\/de\/wp-json\/wp\/v2\/pages\/15771\/revisions"}],"predecessor-version":[{"id":15772,"href":"https:\/\/www.munker-interiors.com\/de\/wp-json\/wp\/v2\/pages\/15771\/revisions\/15772"}],"wp:attachment":[{"href":"https:\/\/www.munker-interiors.com\/de\/wp-json\/wp\/v2\/media?parent=15771"}],"curies":[{"name":"wp","href":"https:\/\/api.w.org\/{rel}","templated":true}]}}