{"id":14736,"date":"2023-06-29T15:16:26","date_gmt":"2023-06-29T13:16:26","guid":{"rendered":"https:\/\/www.munker-interiors.com\/product\/esstisch-daenisch-oval-braun-fischgraet\/"},"modified":"2023-06-29T15:16:26","modified_gmt":"2023-06-29T13:16:26","slug":"esstisch-daenisch-oval-braun-fischgraet","status":"publish","type":"product","link":"https:\/\/www.munker-interiors.com\/de\/produkt\/esstisch-daenisch-oval-braun-fischgraet\/","title":{"rendered":"Esstisch &#8211; D\u00e4nisch oval braun Fischgr\u00e4t"},"content":{"rendered":"<p>Mit unserem Matrix-Bein ist dieser d\u00e4nische ovale Esstisch eine echte Bereicherung f\u00fcr Ihr Esszimmer. Sein schlichtes und praktisches Design, das sich problemlos mit verschiedenen Esszimmerst\u00fchlen kombinieren l\u00e4sst, macht diesen Tisch zu einem echten Blickfang. Dieser Tisch kommt in einer Vielzahl von Einrichtungsstilen gut zur Geltung. Ein gro\u00dfer Vorteil eines ovalen d\u00e4nischen Tisches ist der einfache Kontakt, den Sie mit all Ihren Tischg\u00e4sten herstellen k\u00f6nnen. &#8211; MDF + Eichenfurnier. &#8211; Dicke der Platte: 4cm &#8211; &#8211; Verj\u00fcngter Rand: 1cm<\/p>\n","protected":false},"excerpt":{"rendered":"<p>Dieser sch\u00f6ne schwarze ovale d\u00e4nische Esstisch ist ein wahres Prunkst\u00fcck in Ihrem Wohnzimmer! Die glatte Fischgr\u00e4tplatte in der Farbe Braun wirkt sehr elegant in Ihrem Wohnzimmer. Die Platte ist mit einem Eichenfurnier versehen und sehr pflegeleicht.<\/p>\n","protected":false},"featured_media":14752,"comment_status":"open","ping_status":"closed","template":"","meta":{"_acf_changed":false},"product_brand":[],"product_cat":[356,355],"product_tag":[],"class_list":{"0":"post-14736","1":"product","2":"type-product","3":"status-publish","4":"has-post-thumbnail","6":"product_cat-daenisches-oval","7":"product_cat-esstische","8":"tm-no-options","10":"first","11":"instock","12":"sale","13":"taxable","14":"shipping-taxable","15":"purchasable","16":"product-type-variable"},"acf":[],"yoast_head":"<!-- This site is optimized with the Yoast SEO plugin v27.3 - https:\/\/yoast.com\/product\/yoast-seo-wordpress\/ -->\n<title>Esstisch - D\u00e4nisch oval braun Fischgr\u00e4t - Munker Versteend Hout - D\u00e4nisches Oval<\/title>\n<meta name=\"description\" content=\"Mit unserem Matrix-Bein ist dieser d\u00e4nische ovale Esstisch eine echte Bereicherung f\u00fcr Ihr Esszimmer. Wegen seines schlanken und praktischen Designs.\" \/>\n<meta name=\"robots\" content=\"index, follow, max-snippet:-1, max-image-preview:large, max-video-preview:-1\" \/>\n<link rel=\"canonical\" href=\"https:\/\/www.munker-interiors.com\/de\/produkt\/esstisch-daenisch-oval-braun-fischgraet\/\" \/>\n<meta property=\"og:locale\" content=\"de_DE\" \/>\n<meta property=\"og:type\" content=\"article\" \/>\n<meta property=\"og:title\" content=\"Esstisch - D\u00e4nisch oval braun Fischgr\u00e4t - Munker Versteend Hout - D\u00e4nisches Oval\" \/>\n<meta property=\"og:description\" content=\"Mit unserem Matrix-Bein ist dieser d\u00e4nische ovale Esstisch eine echte Bereicherung f\u00fcr Ihr Esszimmer. Wegen seines schlanken und praktischen Designs.\" \/>\n<meta property=\"og:url\" content=\"https:\/\/www.munker-interiors.com\/de\/produkt\/esstisch-daenisch-oval-braun-fischgraet\/\" \/>\n<meta property=\"og:site_name\" content=\"Munker Versteend Hout\" \/>\n<meta property=\"og:image\" content=\"https:\/\/www.munker-interiors.com\/wp-content\/uploads\/2023\/06\/Vineer-curved-2-1-1024x768-2-1.jpg\" \/>\n\t<meta property=\"og:image:width\" content=\"1172\" \/>\n\t<meta property=\"og:image:height\" content=\"922\" \/>\n\t<meta property=\"og:image:type\" content=\"image\/jpeg\" \/>\n<meta name=\"twitter:card\" content=\"summary_large_image\" \/>\n<script type=\"application\/ld+json\" class=\"yoast-schema-graph\">{\"@context\":\"https:\\\/\\\/schema.org\",\"@graph\":[{\"@type\":\"WebPage\",\"@id\":\"https:\\\/\\\/www.munker-interiors.com\\\/de\\\/produkt\\\/esstisch-daenisch-oval-braun-fischgraet\\\/\",\"url\":\"https:\\\/\\\/www.munker-interiors.com\\\/de\\\/produkt\\\/esstisch-daenisch-oval-braun-fischgraet\\\/\",\"name\":\"Esstisch - D\u00e4nisch oval braun Fischgr\u00e4t - Munker Versteend Hout - D\u00e4nisches Oval\",\"isPartOf\":{\"@id\":\"https:\\\/\\\/www.munker-interiors.com\\\/de\\\/#website\"},\"primaryImageOfPage\":{\"@id\":\"https:\\\/\\\/www.munker-interiors.com\\\/de\\\/produkt\\\/esstisch-daenisch-oval-braun-fischgraet\\\/#primaryimage\"},\"image\":{\"@id\":\"https:\\\/\\\/www.munker-interiors.com\\\/de\\\/produkt\\\/esstisch-daenisch-oval-braun-fischgraet\\\/#primaryimage\"},\"thumbnailUrl\":\"https:\\\/\\\/www.munker-interiors.com\\\/wp-content\\\/uploads\\\/2023\\\/06\\\/Vineer-curved-2-1-1024x768-2-1.jpg\",\"datePublished\":\"2023-06-29T13:16:26+00:00\",\"description\":\"Mit unserem Matrix-Bein ist dieser d\u00e4nische ovale Esstisch eine echte Bereicherung f\u00fcr Ihr Esszimmer. Wegen seines schlanken und praktischen Designs.\",\"breadcrumb\":{\"@id\":\"https:\\\/\\\/www.munker-interiors.com\\\/de\\\/produkt\\\/esstisch-daenisch-oval-braun-fischgraet\\\/#breadcrumb\"},\"inLanguage\":\"de\",\"potentialAction\":[{\"@type\":\"ReadAction\",\"target\":[\"https:\\\/\\\/www.munker-interiors.com\\\/de\\\/produkt\\\/esstisch-daenisch-oval-braun-fischgraet\\\/\"]}]},{\"@type\":\"ImageObject\",\"inLanguage\":\"de\",\"@id\":\"https:\\\/\\\/www.munker-interiors.com\\\/de\\\/produkt\\\/esstisch-daenisch-oval-braun-fischgraet\\\/#primaryimage\",\"url\":\"https:\\\/\\\/www.munker-interiors.com\\\/wp-content\\\/uploads\\\/2023\\\/06\\\/Vineer-curved-2-1-1024x768-2-1.jpg\",\"contentUrl\":\"https:\\\/\\\/www.munker-interiors.com\\\/wp-content\\\/uploads\\\/2023\\\/06\\\/Vineer-curved-2-1-1024x768-2-1.jpg\",\"width\":1172,\"height\":922},{\"@type\":\"BreadcrumbList\",\"@id\":\"https:\\\/\\\/www.munker-interiors.com\\\/de\\\/produkt\\\/esstisch-daenisch-oval-braun-fischgraet\\\/#breadcrumb\",\"itemListElement\":[{\"@type\":\"ListItem\",\"position\":1,\"name\":\"Home\",\"item\":\"https:\\\/\\\/www.munker-interiors.com\\\/de\\\/\"},{\"@type\":\"ListItem\",\"position\":2,\"name\":\"Winkel\",\"item\":\"https:\\\/\\\/www.munker-interiors.com\\\/nl\\\/winkel\\\/\"},{\"@type\":\"ListItem\",\"position\":3,\"name\":\"Esstisch &#8211; D\u00e4nisch oval braun Fischgr\u00e4t\"}]},{\"@type\":\"WebSite\",\"@id\":\"https:\\\/\\\/www.munker-interiors.com\\\/de\\\/#website\",\"url\":\"https:\\\/\\\/www.munker-interiors.com\\\/de\\\/\",\"name\":\"Munker Versteend Hout\",\"description\":\"\",\"publisher\":{\"@id\":\"https:\\\/\\\/www.munker-interiors.com\\\/de\\\/#organization\"},\"potentialAction\":[{\"@type\":\"SearchAction\",\"target\":{\"@type\":\"EntryPoint\",\"urlTemplate\":\"https:\\\/\\\/www.munker-interiors.com\\\/de\\\/?s={search_term_string}\"},\"query-input\":{\"@type\":\"PropertyValueSpecification\",\"valueRequired\":true,\"valueName\":\"search_term_string\"}}],\"inLanguage\":\"de\"},{\"@type\":\"Organization\",\"@id\":\"https:\\\/\\\/www.munker-interiors.com\\\/de\\\/#organization\",\"name\":\"Munker Versteend Hout\",\"url\":\"https:\\\/\\\/www.munker-interiors.com\\\/de\\\/\",\"logo\":{\"@type\":\"ImageObject\",\"inLanguage\":\"de\",\"@id\":\"https:\\\/\\\/www.munker-interiors.com\\\/de\\\/#\\\/schema\\\/logo\\\/image\\\/\",\"url\":\"https:\\\/\\\/www.munker-interiors.com\\\/wp-content\\\/uploads\\\/2022\\\/04\\\/vector-01-1-1.svg\",\"contentUrl\":\"https:\\\/\\\/www.munker-interiors.com\\\/wp-content\\\/uploads\\\/2022\\\/04\\\/vector-01-1-1.svg\",\"caption\":\"Munker Versteend Hout\"},\"image\":{\"@id\":\"https:\\\/\\\/www.munker-interiors.com\\\/de\\\/#\\\/schema\\\/logo\\\/image\\\/\"}}]}<\/script>\n<!-- \/ Yoast SEO plugin. -->","yoast_head_json":{"title":"Esstisch - D\u00e4nisch oval braun Fischgr\u00e4t - Munker Versteend Hout - D\u00e4nisches Oval","description":"Mit unserem Matrix-Bein ist dieser d\u00e4nische ovale Esstisch eine echte Bereicherung f\u00fcr Ihr Esszimmer. Wegen seines schlanken und praktischen Designs.","robots":{"index":"index","follow":"follow","max-snippet":"max-snippet:-1","max-image-preview":"max-image-preview:large","max-video-preview":"max-video-preview:-1"},"canonical":"https:\/\/www.munker-interiors.com\/de\/produkt\/esstisch-daenisch-oval-braun-fischgraet\/","og_locale":"de_DE","og_type":"article","og_title":"Esstisch - D\u00e4nisch oval braun Fischgr\u00e4t - Munker Versteend Hout - D\u00e4nisches Oval","og_description":"Mit unserem Matrix-Bein ist dieser d\u00e4nische ovale Esstisch eine echte Bereicherung f\u00fcr Ihr Esszimmer. Wegen seines schlanken und praktischen Designs.","og_url":"https:\/\/www.munker-interiors.com\/de\/produkt\/esstisch-daenisch-oval-braun-fischgraet\/","og_site_name":"Munker Versteend Hout","og_image":[{"width":1172,"height":922,"url":"https:\/\/www.munker-interiors.com\/wp-content\/uploads\/2023\/06\/Vineer-curved-2-1-1024x768-2-1.jpg","type":"image\/jpeg"}],"twitter_card":"summary_large_image","schema":{"@context":"https:\/\/schema.org","@graph":[{"@type":"WebPage","@id":"https:\/\/www.munker-interiors.com\/de\/produkt\/esstisch-daenisch-oval-braun-fischgraet\/","url":"https:\/\/www.munker-interiors.com\/de\/produkt\/esstisch-daenisch-oval-braun-fischgraet\/","name":"Esstisch - D\u00e4nisch oval braun Fischgr\u00e4t - Munker Versteend Hout - D\u00e4nisches Oval","isPartOf":{"@id":"https:\/\/www.munker-interiors.com\/de\/#website"},"primaryImageOfPage":{"@id":"https:\/\/www.munker-interiors.com\/de\/produkt\/esstisch-daenisch-oval-braun-fischgraet\/#primaryimage"},"image":{"@id":"https:\/\/www.munker-interiors.com\/de\/produkt\/esstisch-daenisch-oval-braun-fischgraet\/#primaryimage"},"thumbnailUrl":"https:\/\/www.munker-interiors.com\/wp-content\/uploads\/2023\/06\/Vineer-curved-2-1-1024x768-2-1.jpg","datePublished":"2023-06-29T13:16:26+00:00","description":"Mit unserem Matrix-Bein ist dieser d\u00e4nische ovale Esstisch eine echte Bereicherung f\u00fcr Ihr Esszimmer. Wegen seines schlanken und praktischen Designs.","breadcrumb":{"@id":"https:\/\/www.munker-interiors.com\/de\/produkt\/esstisch-daenisch-oval-braun-fischgraet\/#breadcrumb"},"inLanguage":"de","potentialAction":[{"@type":"ReadAction","target":["https:\/\/www.munker-interiors.com\/de\/produkt\/esstisch-daenisch-oval-braun-fischgraet\/"]}]},{"@type":"ImageObject","inLanguage":"de","@id":"https:\/\/www.munker-interiors.com\/de\/produkt\/esstisch-daenisch-oval-braun-fischgraet\/#primaryimage","url":"https:\/\/www.munker-interiors.com\/wp-content\/uploads\/2023\/06\/Vineer-curved-2-1-1024x768-2-1.jpg","contentUrl":"https:\/\/www.munker-interiors.com\/wp-content\/uploads\/2023\/06\/Vineer-curved-2-1-1024x768-2-1.jpg","width":1172,"height":922},{"@type":"BreadcrumbList","@id":"https:\/\/www.munker-interiors.com\/de\/produkt\/esstisch-daenisch-oval-braun-fischgraet\/#breadcrumb","itemListElement":[{"@type":"ListItem","position":1,"name":"Home","item":"https:\/\/www.munker-interiors.com\/de\/"},{"@type":"ListItem","position":2,"name":"Winkel","item":"https:\/\/www.munker-interiors.com\/nl\/winkel\/"},{"@type":"ListItem","position":3,"name":"Esstisch &#8211; D\u00e4nisch oval braun Fischgr\u00e4t"}]},{"@type":"WebSite","@id":"https:\/\/www.munker-interiors.com\/de\/#website","url":"https:\/\/www.munker-interiors.com\/de\/","name":"Munker Versteend Hout","description":"","publisher":{"@id":"https:\/\/www.munker-interiors.com\/de\/#organization"},"potentialAction":[{"@type":"SearchAction","target":{"@type":"EntryPoint","urlTemplate":"https:\/\/www.munker-interiors.com\/de\/?s={search_term_string}"},"query-input":{"@type":"PropertyValueSpecification","valueRequired":true,"valueName":"search_term_string"}}],"inLanguage":"de"},{"@type":"Organization","@id":"https:\/\/www.munker-interiors.com\/de\/#organization","name":"Munker Versteend Hout","url":"https:\/\/www.munker-interiors.com\/de\/","logo":{"@type":"ImageObject","inLanguage":"de","@id":"https:\/\/www.munker-interiors.com\/de\/#\/schema\/logo\/image\/","url":"https:\/\/www.munker-interiors.com\/wp-content\/uploads\/2022\/04\/vector-01-1-1.svg","contentUrl":"https:\/\/www.munker-interiors.com\/wp-content\/uploads\/2022\/04\/vector-01-1-1.svg","caption":"Munker Versteend Hout"},"image":{"@id":"https:\/\/www.munker-interiors.com\/de\/#\/schema\/logo\/image\/"}}]}},"_links":{"self":[{"href":"https:\/\/www.munker-interiors.com\/de\/wp-json\/wp\/v2\/product\/14736","targetHints":{"allow":["GET"]}}],"collection":[{"href":"https:\/\/www.munker-interiors.com\/de\/wp-json\/wp\/v2\/product"}],"about":[{"href":"https:\/\/www.munker-interiors.com\/de\/wp-json\/wp\/v2\/types\/product"}],"replies":[{"embeddable":true,"href":"https:\/\/www.munker-interiors.com\/de\/wp-json\/wp\/v2\/comments?post=14736"}],"wp:featuredmedia":[{"embeddable":true,"href":"https:\/\/www.munker-interiors.com\/de\/wp-json\/wp\/v2\/media\/14752"}],"wp:attachment":[{"href":"https:\/\/www.munker-interiors.com\/de\/wp-json\/wp\/v2\/media?parent=14736"}],"wp:term":[{"taxonomy":"product_brand","embeddable":true,"href":"https:\/\/www.munker-interiors.com\/de\/wp-json\/wp\/v2\/product_brand?post=14736"},{"taxonomy":"product_cat","embeddable":true,"href":"https:\/\/www.munker-interiors.com\/de\/wp-json\/wp\/v2\/product_cat?post=14736"},{"taxonomy":"product_tag","embeddable":true,"href":"https:\/\/www.munker-interiors.com\/de\/wp-json\/wp\/v2\/product_tag?post=14736"}],"curies":[{"name":"wp","href":"https:\/\/api.w.org\/{rel}","templated":true}]}}