{"id":15164,"date":"2022-09-12T15:51:26","date_gmt":"2022-09-12T13:51:26","guid":{"rendered":"https:\/\/www.munker-interiors.com\/product\/couchtisch-aus-versteinertem-holz-mix-59\/"},"modified":"2022-09-12T15:51:26","modified_gmt":"2022-09-12T13:51:26","slug":"couchtisch-aus-versteinertem-holz-mix-59","status":"publish","type":"product","link":"https:\/\/www.munker-interiors.com\/de\/produkt\/couchtisch-aus-versteinertem-holz-mix-59\/","title":{"rendered":"Couchtisch aus versteinertem Holz &#8211; Mix"},"content":{"rendered":"<p>Jedes Mineral erzeugt seine eigene Farbe. Der Prozess des &#8220;Versteinerns&#8221; sorgt daf\u00fcr, dass alle Merkmale wie \u00c4ste, Rinde und Jahresringe des Holzes erhalten bleiben. Jeder F\u00e4ulnisprozess in der fernen Vergangenheit kann zu einer sch\u00f6nen Kristallbildung f\u00fchren, oft in mehreren Farben.<\/p>\n<p>Diese Tische sind nicht f\u00fcr den Au\u00dfenbereich geeignet und k\u00f6nnen mit einem leicht feuchten Tuch gereinigt werden. Wir empfehlen immer die Verwendung von Untersetzern f\u00fcr Ihr Glas mit Getr\u00e4nken und dergleichen.<\/p>\n<p>Auf der Kategorieseite finden Sie eine vollst\u00e4ndige Liste der <a href=\"https:\/\/www.munker-interiors.com\/nl\/categorie\/salontafels\/salontafel-versteend-hout\/\">Couchtische aus versteinertem Holz<\/a>.<\/p>\n<p>H\u00f6he der Basis:<br \/>\nUntergestell 2: 38 cm<\/p>\n<p><strong>Bitte beachten Sie, dass alle unsere versteinerten Holzbl\u00e4tter poliert sind, was dem Blatt einen sch\u00f6nen Glanz verleiht.<\/strong><\/p>\n","protected":false},"excerpt":{"rendered":"<p>Dieses sch\u00f6ne versteinerte Holzblatt ist bereits Millionen von Jahren alt. Sobald das Holz in den Boden gelangt, beginnt es sich langsam zu zersetzen und die Holzfasern kristallisieren aufgrund der Mineralien im Boden. Das Holz ist also zu einem Fossil geworden.<\/p>\n<p>Aufgrund ihrer besonderen Herkunft ist jede Tischplatte ein Unikat mit eigenen Maserungsmerkmalen und Jahresringen.<\/p>\n<p>H\u00f6he der Sockel sind 37cm oder 43cm<\/p>\n<p>Die H\u00f6he des Beistelltisches betr\u00e4gt 60 cm.<\/p>\n","protected":false},"featured_media":3153,"comment_status":"open","ping_status":"closed","template":"","meta":{"_acf_changed":false},"product_brand":[],"product_cat":[339,343],"product_tag":[],"class_list":{"0":"post-15164","1":"product","2":"type-product","3":"status-publish","4":"has-post-thumbnail","6":"product_cat-couchtisch-aus-versteinertem-holz","7":"product_cat-kaffeetisch","8":"tm-no-options","10":"first","11":"instock","12":"taxable","13":"shipping-taxable","14":"purchasable","15":"product-type-simple"},"acf":[],"yoast_head":"<!-- This site is optimized with the Yoast SEO plugin v27.3 - https:\/\/yoast.com\/product\/yoast-seo-wordpress\/ -->\n<title>Sch\u00f6nen Couchtisch kaufen | 62x66cm | Munker Interiors<\/title>\n<meta name=\"description\" content=\"Suchen Sie einen einzigartigen Couchtisch? Sehen Sie sich unsere Couchtische aus versteinertem Holz an! \u2713Gro\u00dfe Auswahl \u2713Schnelle Lieferung!\" \/>\n<meta name=\"robots\" content=\"index, follow, max-snippet:-1, max-image-preview:large, max-video-preview:-1\" \/>\n<link rel=\"canonical\" href=\"https:\/\/www.munker-interiors.com\/de\/produkt\/couchtisch-aus-versteinertem-holz-mix-59\/\" \/>\n<meta property=\"og:locale\" content=\"de_DE\" \/>\n<meta property=\"og:type\" content=\"article\" \/>\n<meta property=\"og:title\" content=\"Sch\u00f6nen Couchtisch kaufen | 62x66cm | Munker Interiors\" \/>\n<meta property=\"og:description\" content=\"Suchen Sie einen einzigartigen Couchtisch? Sehen Sie sich unsere Couchtische aus versteinertem Holz an! \u2713Gro\u00dfe Auswahl \u2713Schnelle Lieferung!\" \/>\n<meta property=\"og:url\" content=\"https:\/\/www.munker-interiors.com\/de\/produkt\/couchtisch-aus-versteinertem-holz-mix-59\/\" \/>\n<meta property=\"og:site_name\" content=\"Munker Versteend Hout\" \/>\n<meta property=\"og:image\" content=\"https:\/\/www.munker-interiors.com\/wp-content\/uploads\/2022\/09\/img_e2796_optimized-1-scaled.jpg\" \/>\n\t<meta property=\"og:image:width\" content=\"2560\" \/>\n\t<meta property=\"og:image:height\" content=\"2560\" \/>\n\t<meta property=\"og:image:type\" content=\"image\/jpeg\" \/>\n<meta name=\"twitter:card\" content=\"summary_large_image\" \/>\n<meta name=\"twitter:label1\" content=\"Gesch\u00e4tzte Lesezeit\" \/>\n\t<meta name=\"twitter:data1\" content=\"1\u00a0Minute\" \/>\n<script type=\"application\/ld+json\" class=\"yoast-schema-graph\">{\"@context\":\"https:\\\/\\\/schema.org\",\"@graph\":[{\"@type\":\"WebPage\",\"@id\":\"https:\\\/\\\/www.munker-interiors.com\\\/de\\\/produkt\\\/couchtisch-aus-versteinertem-holz-mix-59\\\/\",\"url\":\"https:\\\/\\\/www.munker-interiors.com\\\/de\\\/produkt\\\/couchtisch-aus-versteinertem-holz-mix-59\\\/\",\"name\":\"Sch\u00f6nen Couchtisch kaufen | 62x66cm | Munker Interiors\",\"isPartOf\":{\"@id\":\"https:\\\/\\\/www.munker-interiors.com\\\/de\\\/#website\"},\"primaryImageOfPage\":{\"@id\":\"https:\\\/\\\/www.munker-interiors.com\\\/de\\\/produkt\\\/couchtisch-aus-versteinertem-holz-mix-59\\\/#primaryimage\"},\"image\":{\"@id\":\"https:\\\/\\\/www.munker-interiors.com\\\/de\\\/produkt\\\/couchtisch-aus-versteinertem-holz-mix-59\\\/#primaryimage\"},\"thumbnailUrl\":\"https:\\\/\\\/www.munker-interiors.com\\\/wp-content\\\/uploads\\\/2022\\\/09\\\/img_e2796_optimized-1-scaled.jpg\",\"datePublished\":\"2022-09-12T13:51:26+00:00\",\"description\":\"Suchen Sie einen einzigartigen Couchtisch? Sehen Sie sich unsere Couchtische aus versteinertem Holz an! \u2713Gro\u00dfe Auswahl \u2713Schnelle Lieferung!\",\"breadcrumb\":{\"@id\":\"https:\\\/\\\/www.munker-interiors.com\\\/de\\\/produkt\\\/couchtisch-aus-versteinertem-holz-mix-59\\\/#breadcrumb\"},\"inLanguage\":\"de\",\"potentialAction\":[{\"@type\":\"ReadAction\",\"target\":[\"https:\\\/\\\/www.munker-interiors.com\\\/de\\\/produkt\\\/couchtisch-aus-versteinertem-holz-mix-59\\\/\"]}]},{\"@type\":\"ImageObject\",\"inLanguage\":\"de\",\"@id\":\"https:\\\/\\\/www.munker-interiors.com\\\/de\\\/produkt\\\/couchtisch-aus-versteinertem-holz-mix-59\\\/#primaryimage\",\"url\":\"https:\\\/\\\/www.munker-interiors.com\\\/wp-content\\\/uploads\\\/2022\\\/09\\\/img_e2796_optimized-1-scaled.jpg\",\"contentUrl\":\"https:\\\/\\\/www.munker-interiors.com\\\/wp-content\\\/uploads\\\/2022\\\/09\\\/img_e2796_optimized-1-scaled.jpg\",\"width\":2560,\"height\":2560,\"caption\":\"Couchtisch aus versteinertem Holz\"},{\"@type\":\"BreadcrumbList\",\"@id\":\"https:\\\/\\\/www.munker-interiors.com\\\/de\\\/produkt\\\/couchtisch-aus-versteinertem-holz-mix-59\\\/#breadcrumb\",\"itemListElement\":[{\"@type\":\"ListItem\",\"position\":1,\"name\":\"Home\",\"item\":\"https:\\\/\\\/www.munker-interiors.com\\\/de\\\/\"},{\"@type\":\"ListItem\",\"position\":2,\"name\":\"Winkel\",\"item\":\"https:\\\/\\\/www.munker-interiors.com\\\/nl\\\/winkel\\\/\"},{\"@type\":\"ListItem\",\"position\":3,\"name\":\"Couchtisch aus versteinertem Holz &#8211; Mix\"}]},{\"@type\":\"WebSite\",\"@id\":\"https:\\\/\\\/www.munker-interiors.com\\\/de\\\/#website\",\"url\":\"https:\\\/\\\/www.munker-interiors.com\\\/de\\\/\",\"name\":\"Munker Versteend Hout\",\"description\":\"\",\"publisher\":{\"@id\":\"https:\\\/\\\/www.munker-interiors.com\\\/de\\\/#organization\"},\"potentialAction\":[{\"@type\":\"SearchAction\",\"target\":{\"@type\":\"EntryPoint\",\"urlTemplate\":\"https:\\\/\\\/www.munker-interiors.com\\\/de\\\/?s={search_term_string}\"},\"query-input\":{\"@type\":\"PropertyValueSpecification\",\"valueRequired\":true,\"valueName\":\"search_term_string\"}}],\"inLanguage\":\"de\"},{\"@type\":\"Organization\",\"@id\":\"https:\\\/\\\/www.munker-interiors.com\\\/de\\\/#organization\",\"name\":\"Munker Versteend Hout\",\"url\":\"https:\\\/\\\/www.munker-interiors.com\\\/de\\\/\",\"logo\":{\"@type\":\"ImageObject\",\"inLanguage\":\"de\",\"@id\":\"https:\\\/\\\/www.munker-interiors.com\\\/de\\\/#\\\/schema\\\/logo\\\/image\\\/\",\"url\":\"https:\\\/\\\/www.munker-interiors.com\\\/wp-content\\\/uploads\\\/2022\\\/04\\\/vector-01-1-1.svg\",\"contentUrl\":\"https:\\\/\\\/www.munker-interiors.com\\\/wp-content\\\/uploads\\\/2022\\\/04\\\/vector-01-1-1.svg\",\"caption\":\"Munker Versteend Hout\"},\"image\":{\"@id\":\"https:\\\/\\\/www.munker-interiors.com\\\/de\\\/#\\\/schema\\\/logo\\\/image\\\/\"}}]}<\/script>\n<!-- \/ Yoast SEO plugin. -->","yoast_head_json":{"title":"Sch\u00f6nen Couchtisch kaufen | 62x66cm | Munker Interiors","description":"Suchen Sie einen einzigartigen Couchtisch? Sehen Sie sich unsere Couchtische aus versteinertem Holz an! \u2713Gro\u00dfe Auswahl \u2713Schnelle Lieferung!","robots":{"index":"index","follow":"follow","max-snippet":"max-snippet:-1","max-image-preview":"max-image-preview:large","max-video-preview":"max-video-preview:-1"},"canonical":"https:\/\/www.munker-interiors.com\/de\/produkt\/couchtisch-aus-versteinertem-holz-mix-59\/","og_locale":"de_DE","og_type":"article","og_title":"Sch\u00f6nen Couchtisch kaufen | 62x66cm | Munker Interiors","og_description":"Suchen Sie einen einzigartigen Couchtisch? Sehen Sie sich unsere Couchtische aus versteinertem Holz an! \u2713Gro\u00dfe Auswahl \u2713Schnelle Lieferung!","og_url":"https:\/\/www.munker-interiors.com\/de\/produkt\/couchtisch-aus-versteinertem-holz-mix-59\/","og_site_name":"Munker Versteend Hout","og_image":[{"width":2560,"height":2560,"url":"https:\/\/www.munker-interiors.com\/wp-content\/uploads\/2022\/09\/img_e2796_optimized-1-scaled.jpg","type":"image\/jpeg"}],"twitter_card":"summary_large_image","twitter_misc":{"Gesch\u00e4tzte Lesezeit":"1\u00a0Minute"},"schema":{"@context":"https:\/\/schema.org","@graph":[{"@type":"WebPage","@id":"https:\/\/www.munker-interiors.com\/de\/produkt\/couchtisch-aus-versteinertem-holz-mix-59\/","url":"https:\/\/www.munker-interiors.com\/de\/produkt\/couchtisch-aus-versteinertem-holz-mix-59\/","name":"Sch\u00f6nen Couchtisch kaufen | 62x66cm | Munker Interiors","isPartOf":{"@id":"https:\/\/www.munker-interiors.com\/de\/#website"},"primaryImageOfPage":{"@id":"https:\/\/www.munker-interiors.com\/de\/produkt\/couchtisch-aus-versteinertem-holz-mix-59\/#primaryimage"},"image":{"@id":"https:\/\/www.munker-interiors.com\/de\/produkt\/couchtisch-aus-versteinertem-holz-mix-59\/#primaryimage"},"thumbnailUrl":"https:\/\/www.munker-interiors.com\/wp-content\/uploads\/2022\/09\/img_e2796_optimized-1-scaled.jpg","datePublished":"2022-09-12T13:51:26+00:00","description":"Suchen Sie einen einzigartigen Couchtisch? Sehen Sie sich unsere Couchtische aus versteinertem Holz an! \u2713Gro\u00dfe Auswahl \u2713Schnelle Lieferung!","breadcrumb":{"@id":"https:\/\/www.munker-interiors.com\/de\/produkt\/couchtisch-aus-versteinertem-holz-mix-59\/#breadcrumb"},"inLanguage":"de","potentialAction":[{"@type":"ReadAction","target":["https:\/\/www.munker-interiors.com\/de\/produkt\/couchtisch-aus-versteinertem-holz-mix-59\/"]}]},{"@type":"ImageObject","inLanguage":"de","@id":"https:\/\/www.munker-interiors.com\/de\/produkt\/couchtisch-aus-versteinertem-holz-mix-59\/#primaryimage","url":"https:\/\/www.munker-interiors.com\/wp-content\/uploads\/2022\/09\/img_e2796_optimized-1-scaled.jpg","contentUrl":"https:\/\/www.munker-interiors.com\/wp-content\/uploads\/2022\/09\/img_e2796_optimized-1-scaled.jpg","width":2560,"height":2560,"caption":"Couchtisch aus versteinertem Holz"},{"@type":"BreadcrumbList","@id":"https:\/\/www.munker-interiors.com\/de\/produkt\/couchtisch-aus-versteinertem-holz-mix-59\/#breadcrumb","itemListElement":[{"@type":"ListItem","position":1,"name":"Home","item":"https:\/\/www.munker-interiors.com\/de\/"},{"@type":"ListItem","position":2,"name":"Winkel","item":"https:\/\/www.munker-interiors.com\/nl\/winkel\/"},{"@type":"ListItem","position":3,"name":"Couchtisch aus versteinertem Holz &#8211; Mix"}]},{"@type":"WebSite","@id":"https:\/\/www.munker-interiors.com\/de\/#website","url":"https:\/\/www.munker-interiors.com\/de\/","name":"Munker Versteend Hout","description":"","publisher":{"@id":"https:\/\/www.munker-interiors.com\/de\/#organization"},"potentialAction":[{"@type":"SearchAction","target":{"@type":"EntryPoint","urlTemplate":"https:\/\/www.munker-interiors.com\/de\/?s={search_term_string}"},"query-input":{"@type":"PropertyValueSpecification","valueRequired":true,"valueName":"search_term_string"}}],"inLanguage":"de"},{"@type":"Organization","@id":"https:\/\/www.munker-interiors.com\/de\/#organization","name":"Munker Versteend Hout","url":"https:\/\/www.munker-interiors.com\/de\/","logo":{"@type":"ImageObject","inLanguage":"de","@id":"https:\/\/www.munker-interiors.com\/de\/#\/schema\/logo\/image\/","url":"https:\/\/www.munker-interiors.com\/wp-content\/uploads\/2022\/04\/vector-01-1-1.svg","contentUrl":"https:\/\/www.munker-interiors.com\/wp-content\/uploads\/2022\/04\/vector-01-1-1.svg","caption":"Munker Versteend Hout"},"image":{"@id":"https:\/\/www.munker-interiors.com\/de\/#\/schema\/logo\/image\/"}}]}},"_links":{"self":[{"href":"https:\/\/www.munker-interiors.com\/de\/wp-json\/wp\/v2\/product\/15164","targetHints":{"allow":["GET"]}}],"collection":[{"href":"https:\/\/www.munker-interiors.com\/de\/wp-json\/wp\/v2\/product"}],"about":[{"href":"https:\/\/www.munker-interiors.com\/de\/wp-json\/wp\/v2\/types\/product"}],"replies":[{"embeddable":true,"href":"https:\/\/www.munker-interiors.com\/de\/wp-json\/wp\/v2\/comments?post=15164"}],"wp:featuredmedia":[{"embeddable":true,"href":"https:\/\/www.munker-interiors.com\/de\/wp-json\/wp\/v2\/media\/3153"}],"wp:attachment":[{"href":"https:\/\/www.munker-interiors.com\/de\/wp-json\/wp\/v2\/media?parent=15164"}],"wp:term":[{"taxonomy":"product_brand","embeddable":true,"href":"https:\/\/www.munker-interiors.com\/de\/wp-json\/wp\/v2\/product_brand?post=15164"},{"taxonomy":"product_cat","embeddable":true,"href":"https:\/\/www.munker-interiors.com\/de\/wp-json\/wp\/v2\/product_cat?post=15164"},{"taxonomy":"product_tag","embeddable":true,"href":"https:\/\/www.munker-interiors.com\/de\/wp-json\/wp\/v2\/product_tag?post=15164"}],"curies":[{"name":"wp","href":"https:\/\/api.w.org\/{rel}","templated":true}]}}