{"id":15177,"date":"2022-05-25T09:37:23","date_gmt":"2022-05-25T07:37:23","guid":{"rendered":"https:\/\/www.munker-interiors.com\/product\/esstisch-schwarzes-fischgraetenmuster-richfield\/"},"modified":"2022-05-25T09:37:23","modified_gmt":"2022-05-25T07:37:23","slug":"esstisch-schwarzes-fischgraetenmuster-richfield","status":"publish","type":"product","link":"https:\/\/www.munker-interiors.com\/de\/produkt\/esstisch-schwarzes-fischgraetenmuster-richfield\/","title":{"rendered":"Esstisch schwarzes Fischgr\u00e4tenmuster Richfield"},"content":{"rendered":"<p>Der exklusive Fischgr\u00e4ten-Esstisch Richfield in Schwarz mit elegantem Fischgr\u00e4tenmuster und einem sch\u00f6nen, mattschwarzen Metallgestell f\u00fcr einen modernen und coolen Look. Durch die Verwendung des schwarzen \u00d6ls ist die Struktur des Mangoholzes noch deutlich sichtbar.<\/p>\n","protected":false},"excerpt":{"rendered":"<p>Esstisch Richfield ist ein sch\u00f6ner schwarzer Esstisch aus Mangoholz in Kombination mit einem schwarz beschichteten Matrixfu\u00df. Diese Kombination sorgt f\u00fcr einen robusten und widerstandsf\u00e4higen Look.<\/p>\n<p>Die sch\u00f6ne schwarze Fischgr\u00e4tplatte verleiht Ihrer K\u00fcche oder Ihrem Esszimmer ein verspieltes und schickes Aussehen.<\/p>\n","protected":false},"featured_media":16626,"comment_status":"closed","ping_status":"closed","template":"","meta":{"_acf_changed":false},"product_brand":[],"product_cat":[356,355,549],"product_tag":[],"class_list":{"0":"post-15177","1":"product","2":"type-product","3":"status-publish","4":"has-post-thumbnail","6":"product_cat-daenisches-oval","7":"product_cat-esstische","8":"product_cat-schwarzes-fischgraetenmuster","9":"tm-has-options","11":"first","12":"instock","13":"sale","14":"taxable","15":"shipping-taxable","16":"purchasable","17":"product-type-variable"},"acf":[],"yoast_head":"<!-- This site is optimized with the Yoast SEO plugin v27.5 - https:\/\/yoast.com\/product\/yoast-seo-wordpress\/ -->\n<title>Esstisch schwarzes Fischgr\u00e4tenmuster Richfield | Mango-Holz | Munker Interiors<\/title>\n<meta name=\"description\" content=\"Sie suchen einen sch\u00f6nen schwarzen Esstisch mit Fischgr\u00e4tenmuster? W\u00e4hlen Sie unseren Esstisch Richfield! \u2713 Online bestellen!\" \/>\n<meta name=\"robots\" content=\"index, follow, max-snippet:-1, max-image-preview:large, max-video-preview:-1\" \/>\n<link rel=\"canonical\" href=\"https:\/\/www.munker-interiors.com\/de\/produkt\/esstisch-schwarzes-fischgraetenmuster-richfield\/\" \/>\n<meta property=\"og:locale\" content=\"de_DE\" \/>\n<meta property=\"og:type\" content=\"article\" \/>\n<meta property=\"og:title\" content=\"Esstisch schwarzes Fischgr\u00e4tenmuster Richfield | Mango-Holz | Munker Interiors\" \/>\n<meta property=\"og:description\" content=\"Sie suchen einen sch\u00f6nen schwarzen Esstisch mit Fischgr\u00e4tenmuster? W\u00e4hlen Sie unseren Esstisch Richfield! \u2713 Online bestellen!\" \/>\n<meta property=\"og:url\" content=\"https:\/\/www.munker-interiors.com\/de\/produkt\/esstisch-schwarzes-fischgraetenmuster-richfield\/\" \/>\n<meta property=\"og:site_name\" content=\"Munker Versteend Hout\" \/>\n<meta property=\"og:image\" content=\"https:\/\/www.munker-interiors.com\/wp-content\/uploads\/2022\/05\/Afbeelding-van-WhatsApp-op-2024-03-20-om-12.08.26_5142f0a8.jpg\" \/>\n\t<meta property=\"og:image:width\" content=\"1600\" \/>\n\t<meta property=\"og:image:height\" content=\"1600\" \/>\n\t<meta property=\"og:image:type\" content=\"image\/jpeg\" \/>\n<meta name=\"twitter:card\" content=\"summary_large_image\" \/>\n<script type=\"application\/ld+json\" class=\"yoast-schema-graph\">{\"@context\":\"https:\\\/\\\/schema.org\",\"@graph\":[{\"@type\":\"WebPage\",\"@id\":\"https:\\\/\\\/www.munker-interiors.com\\\/de\\\/produkt\\\/esstisch-schwarzes-fischgraetenmuster-richfield\\\/\",\"url\":\"https:\\\/\\\/www.munker-interiors.com\\\/de\\\/produkt\\\/esstisch-schwarzes-fischgraetenmuster-richfield\\\/\",\"name\":\"Esstisch schwarzes Fischgr\u00e4tenmuster Richfield | Mango-Holz | Munker Interiors\",\"isPartOf\":{\"@id\":\"https:\\\/\\\/www.munker-interiors.com\\\/de\\\/#website\"},\"primaryImageOfPage\":{\"@id\":\"https:\\\/\\\/www.munker-interiors.com\\\/de\\\/produkt\\\/esstisch-schwarzes-fischgraetenmuster-richfield\\\/#primaryimage\"},\"image\":{\"@id\":\"https:\\\/\\\/www.munker-interiors.com\\\/de\\\/produkt\\\/esstisch-schwarzes-fischgraetenmuster-richfield\\\/#primaryimage\"},\"thumbnailUrl\":\"https:\\\/\\\/www.munker-interiors.com\\\/wp-content\\\/uploads\\\/2022\\\/05\\\/Afbeelding-van-WhatsApp-op-2024-03-20-om-12.08.26_5142f0a8.jpg\",\"datePublished\":\"2022-05-25T07:37:23+00:00\",\"description\":\"Sie suchen einen sch\u00f6nen schwarzen Esstisch mit Fischgr\u00e4tenmuster? W\u00e4hlen Sie unseren Esstisch Richfield! \u2713 Online bestellen!\",\"breadcrumb\":{\"@id\":\"https:\\\/\\\/www.munker-interiors.com\\\/de\\\/produkt\\\/esstisch-schwarzes-fischgraetenmuster-richfield\\\/#breadcrumb\"},\"inLanguage\":\"de\",\"potentialAction\":[{\"@type\":\"ReadAction\",\"target\":[\"https:\\\/\\\/www.munker-interiors.com\\\/de\\\/produkt\\\/esstisch-schwarzes-fischgraetenmuster-richfield\\\/\"]}]},{\"@type\":\"ImageObject\",\"inLanguage\":\"de\",\"@id\":\"https:\\\/\\\/www.munker-interiors.com\\\/de\\\/produkt\\\/esstisch-schwarzes-fischgraetenmuster-richfield\\\/#primaryimage\",\"url\":\"https:\\\/\\\/www.munker-interiors.com\\\/wp-content\\\/uploads\\\/2022\\\/05\\\/Afbeelding-van-WhatsApp-op-2024-03-20-om-12.08.26_5142f0a8.jpg\",\"contentUrl\":\"https:\\\/\\\/www.munker-interiors.com\\\/wp-content\\\/uploads\\\/2022\\\/05\\\/Afbeelding-van-WhatsApp-op-2024-03-20-om-12.08.26_5142f0a8.jpg\",\"width\":1600,\"height\":1600,\"caption\":\"Deens ovaal visgraat\"},{\"@type\":\"BreadcrumbList\",\"@id\":\"https:\\\/\\\/www.munker-interiors.com\\\/de\\\/produkt\\\/esstisch-schwarzes-fischgraetenmuster-richfield\\\/#breadcrumb\",\"itemListElement\":[{\"@type\":\"ListItem\",\"position\":1,\"name\":\"Home\",\"item\":\"https:\\\/\\\/www.munker-interiors.com\\\/de\\\/\"},{\"@type\":\"ListItem\",\"position\":2,\"name\":\"Winkel\",\"item\":\"https:\\\/\\\/www.munker-interiors.com\\\/nl\\\/winkel\\\/\"},{\"@type\":\"ListItem\",\"position\":3,\"name\":\"Esstisch schwarzes Fischgr\u00e4tenmuster Richfield\"}]},{\"@type\":\"WebSite\",\"@id\":\"https:\\\/\\\/www.munker-interiors.com\\\/de\\\/#website\",\"url\":\"https:\\\/\\\/www.munker-interiors.com\\\/de\\\/\",\"name\":\"Munker Versteend Hout\",\"description\":\"\",\"publisher\":{\"@id\":\"https:\\\/\\\/www.munker-interiors.com\\\/de\\\/#organization\"},\"potentialAction\":[{\"@type\":\"SearchAction\",\"target\":{\"@type\":\"EntryPoint\",\"urlTemplate\":\"https:\\\/\\\/www.munker-interiors.com\\\/de\\\/?s={search_term_string}\"},\"query-input\":{\"@type\":\"PropertyValueSpecification\",\"valueRequired\":true,\"valueName\":\"search_term_string\"}}],\"inLanguage\":\"de\"},{\"@type\":\"Organization\",\"@id\":\"https:\\\/\\\/www.munker-interiors.com\\\/de\\\/#organization\",\"name\":\"Munker Versteend Hout\",\"url\":\"https:\\\/\\\/www.munker-interiors.com\\\/de\\\/\",\"logo\":{\"@type\":\"ImageObject\",\"inLanguage\":\"de\",\"@id\":\"https:\\\/\\\/www.munker-interiors.com\\\/de\\\/#\\\/schema\\\/logo\\\/image\\\/\",\"url\":\"https:\\\/\\\/www.munker-interiors.com\\\/wp-content\\\/uploads\\\/2022\\\/04\\\/vector-01-1-1.svg\",\"contentUrl\":\"https:\\\/\\\/www.munker-interiors.com\\\/wp-content\\\/uploads\\\/2022\\\/04\\\/vector-01-1-1.svg\",\"caption\":\"Munker Versteend Hout\"},\"image\":{\"@id\":\"https:\\\/\\\/www.munker-interiors.com\\\/de\\\/#\\\/schema\\\/logo\\\/image\\\/\"}}]}<\/script>\n<!-- \/ Yoast SEO plugin. -->","yoast_head_json":{"title":"Esstisch schwarzes Fischgr\u00e4tenmuster Richfield | Mango-Holz | Munker Interiors","description":"Sie suchen einen sch\u00f6nen schwarzen Esstisch mit Fischgr\u00e4tenmuster? W\u00e4hlen Sie unseren Esstisch Richfield! \u2713 Online bestellen!","robots":{"index":"index","follow":"follow","max-snippet":"max-snippet:-1","max-image-preview":"max-image-preview:large","max-video-preview":"max-video-preview:-1"},"canonical":"https:\/\/www.munker-interiors.com\/de\/produkt\/esstisch-schwarzes-fischgraetenmuster-richfield\/","og_locale":"de_DE","og_type":"article","og_title":"Esstisch schwarzes Fischgr\u00e4tenmuster Richfield | Mango-Holz | Munker Interiors","og_description":"Sie suchen einen sch\u00f6nen schwarzen Esstisch mit Fischgr\u00e4tenmuster? W\u00e4hlen Sie unseren Esstisch Richfield! \u2713 Online bestellen!","og_url":"https:\/\/www.munker-interiors.com\/de\/produkt\/esstisch-schwarzes-fischgraetenmuster-richfield\/","og_site_name":"Munker Versteend Hout","og_image":[{"width":1600,"height":1600,"url":"https:\/\/www.munker-interiors.com\/wp-content\/uploads\/2022\/05\/Afbeelding-van-WhatsApp-op-2024-03-20-om-12.08.26_5142f0a8.jpg","type":"image\/jpeg"}],"twitter_card":"summary_large_image","schema":{"@context":"https:\/\/schema.org","@graph":[{"@type":"WebPage","@id":"https:\/\/www.munker-interiors.com\/de\/produkt\/esstisch-schwarzes-fischgraetenmuster-richfield\/","url":"https:\/\/www.munker-interiors.com\/de\/produkt\/esstisch-schwarzes-fischgraetenmuster-richfield\/","name":"Esstisch schwarzes Fischgr\u00e4tenmuster Richfield | Mango-Holz | Munker Interiors","isPartOf":{"@id":"https:\/\/www.munker-interiors.com\/de\/#website"},"primaryImageOfPage":{"@id":"https:\/\/www.munker-interiors.com\/de\/produkt\/esstisch-schwarzes-fischgraetenmuster-richfield\/#primaryimage"},"image":{"@id":"https:\/\/www.munker-interiors.com\/de\/produkt\/esstisch-schwarzes-fischgraetenmuster-richfield\/#primaryimage"},"thumbnailUrl":"https:\/\/www.munker-interiors.com\/wp-content\/uploads\/2022\/05\/Afbeelding-van-WhatsApp-op-2024-03-20-om-12.08.26_5142f0a8.jpg","datePublished":"2022-05-25T07:37:23+00:00","description":"Sie suchen einen sch\u00f6nen schwarzen Esstisch mit Fischgr\u00e4tenmuster? W\u00e4hlen Sie unseren Esstisch Richfield! \u2713 Online bestellen!","breadcrumb":{"@id":"https:\/\/www.munker-interiors.com\/de\/produkt\/esstisch-schwarzes-fischgraetenmuster-richfield\/#breadcrumb"},"inLanguage":"de","potentialAction":[{"@type":"ReadAction","target":["https:\/\/www.munker-interiors.com\/de\/produkt\/esstisch-schwarzes-fischgraetenmuster-richfield\/"]}]},{"@type":"ImageObject","inLanguage":"de","@id":"https:\/\/www.munker-interiors.com\/de\/produkt\/esstisch-schwarzes-fischgraetenmuster-richfield\/#primaryimage","url":"https:\/\/www.munker-interiors.com\/wp-content\/uploads\/2022\/05\/Afbeelding-van-WhatsApp-op-2024-03-20-om-12.08.26_5142f0a8.jpg","contentUrl":"https:\/\/www.munker-interiors.com\/wp-content\/uploads\/2022\/05\/Afbeelding-van-WhatsApp-op-2024-03-20-om-12.08.26_5142f0a8.jpg","width":1600,"height":1600,"caption":"Deens ovaal visgraat"},{"@type":"BreadcrumbList","@id":"https:\/\/www.munker-interiors.com\/de\/produkt\/esstisch-schwarzes-fischgraetenmuster-richfield\/#breadcrumb","itemListElement":[{"@type":"ListItem","position":1,"name":"Home","item":"https:\/\/www.munker-interiors.com\/de\/"},{"@type":"ListItem","position":2,"name":"Winkel","item":"https:\/\/www.munker-interiors.com\/nl\/winkel\/"},{"@type":"ListItem","position":3,"name":"Esstisch schwarzes Fischgr\u00e4tenmuster Richfield"}]},{"@type":"WebSite","@id":"https:\/\/www.munker-interiors.com\/de\/#website","url":"https:\/\/www.munker-interiors.com\/de\/","name":"Munker Versteend Hout","description":"","publisher":{"@id":"https:\/\/www.munker-interiors.com\/de\/#organization"},"potentialAction":[{"@type":"SearchAction","target":{"@type":"EntryPoint","urlTemplate":"https:\/\/www.munker-interiors.com\/de\/?s={search_term_string}"},"query-input":{"@type":"PropertyValueSpecification","valueRequired":true,"valueName":"search_term_string"}}],"inLanguage":"de"},{"@type":"Organization","@id":"https:\/\/www.munker-interiors.com\/de\/#organization","name":"Munker Versteend Hout","url":"https:\/\/www.munker-interiors.com\/de\/","logo":{"@type":"ImageObject","inLanguage":"de","@id":"https:\/\/www.munker-interiors.com\/de\/#\/schema\/logo\/image\/","url":"https:\/\/www.munker-interiors.com\/wp-content\/uploads\/2022\/04\/vector-01-1-1.svg","contentUrl":"https:\/\/www.munker-interiors.com\/wp-content\/uploads\/2022\/04\/vector-01-1-1.svg","caption":"Munker Versteend Hout"},"image":{"@id":"https:\/\/www.munker-interiors.com\/de\/#\/schema\/logo\/image\/"}}]}},"_links":{"self":[{"href":"https:\/\/www.munker-interiors.com\/de\/wp-json\/wp\/v2\/product\/15177","targetHints":{"allow":["GET"]}}],"collection":[{"href":"https:\/\/www.munker-interiors.com\/de\/wp-json\/wp\/v2\/product"}],"about":[{"href":"https:\/\/www.munker-interiors.com\/de\/wp-json\/wp\/v2\/types\/product"}],"replies":[{"embeddable":true,"href":"https:\/\/www.munker-interiors.com\/de\/wp-json\/wp\/v2\/comments?post=15177"}],"wp:featuredmedia":[{"embeddable":true,"href":"https:\/\/www.munker-interiors.com\/de\/wp-json\/wp\/v2\/media\/16626"}],"wp:attachment":[{"href":"https:\/\/www.munker-interiors.com\/de\/wp-json\/wp\/v2\/media?parent=15177"}],"wp:term":[{"taxonomy":"product_brand","embeddable":true,"href":"https:\/\/www.munker-interiors.com\/de\/wp-json\/wp\/v2\/product_brand?post=15177"},{"taxonomy":"product_cat","embeddable":true,"href":"https:\/\/www.munker-interiors.com\/de\/wp-json\/wp\/v2\/product_cat?post=15177"},{"taxonomy":"product_tag","embeddable":true,"href":"https:\/\/www.munker-interiors.com\/de\/wp-json\/wp\/v2\/product_tag?post=15177"}],"curies":[{"name":"wp","href":"https:\/\/api.w.org\/{rel}","templated":true}]}}