{"id":15183,"date":"2022-07-16T15:43:41","date_gmt":"2022-07-16T13:43:41","guid":{"rendered":"https:\/\/www.munker-interiors.com\/product\/couchtisch-aus-versteinertem-holz-schwarz-weiss\/"},"modified":"2022-07-16T15:43:41","modified_gmt":"2022-07-16T13:43:41","slug":"couchtisch-aus-versteinertem-holz-schwarz-weiss","status":"publish","type":"product","link":"https:\/\/www.munker-interiors.com\/de\/produkt\/couchtisch-aus-versteinertem-holz-schwarz-weiss\/","title":{"rendered":"Couchtisch aus versteinertem Holz &#8211; schwarz &amp; wei\u00df"},"content":{"rendered":"<p>Jedes Mineral erzeugt seine eigene Farbe. Der Prozess des &#8220;Versteinerns&#8221; sorgt daf\u00fcr, dass alle Merkmale wie \u00c4ste, Rinde und Jahresringe des Holzes erhalten bleiben. Jeder F\u00e4ulnisprozess in der fernen Vergangenheit kann zu einer sch\u00f6nen Kristallbildung f\u00fchren, oft in mehreren Farben. Wir empfehlen immer die Verwendung von Untersetzern f\u00fcr Ihre Getr\u00e4nke oder \u00c4hnliches.<\/p>\n<p>Auf der Kategorieseite finden Sie eine vollst\u00e4ndige Liste der <a href=\"https:\/\/www.munker-interiors.com\/nl\/categorie\/salontafels\/salontafel-versteend-hout\/\">Couchtische aus versteinertem Holz<\/a>.<\/p>\n","protected":false},"excerpt":{"rendered":"<p>Dieses sch\u00f6ne versteinerte Holzblatt ist bereits Millionen von Jahren alt. Sobald das Holz in den Boden gelangt, beginnt es sich langsam zu zersetzen und die Holzfasern kristallisieren aufgrund der Mineralien im Boden. Das Holz ist also zu einem Fossil geworden.<\/p>\n<p>Aufgrund ihrer besonderen Herkunft ist jede Tischplatte ein Unikat mit eigenen Maserungsmerkmalen und Jahresringen.<\/p>\n<p>H\u00f6he der Sockel sind 37cm oder 43cm<\/p>\n<p>Die H\u00f6he des Beistelltisches betr\u00e4gt 60 cm.<\/p>\n","protected":false},"featured_media":1140,"comment_status":"open","ping_status":"closed","template":"","meta":{"_acf_changed":false},"product_brand":[],"product_cat":[339,343],"product_tag":[],"class_list":{"0":"post-15183","1":"product","2":"type-product","3":"status-publish","4":"has-post-thumbnail","6":"product_cat-couchtisch-aus-versteinertem-holz","7":"product_cat-kaffeetisch","8":"product_shipping_class-versteinertes-holz-bis-zu-30-kg","9":"tm-has-options","11":"first","12":"instock","13":"taxable","14":"shipping-taxable","15":"purchasable","16":"product-type-simple"},"acf":[],"yoast_head":"<!-- This site is optimized with the Yoast SEO plugin v27.3 - https:\/\/yoast.com\/product\/yoast-seo-wordpress\/ -->\n<title>Couchtisch aus versteinertem Holz schwarz | 38x50cm | Munker Interiors<\/title>\n<meta name=\"description\" content=\"Bestellen Sie hier Ihren einzigartigen Couchtisch aus versteinertem Holz! Erh\u00e4ltlich in verschiedenen Gr\u00f6\u00dfen! \u2713Gro\u00dfes Sortiment!\" \/>\n<meta name=\"robots\" content=\"index, follow, max-snippet:-1, max-image-preview:large, max-video-preview:-1\" \/>\n<link rel=\"canonical\" href=\"https:\/\/www.munker-interiors.com\/de\/produkt\/couchtisch-aus-versteinertem-holz-schwarz-weiss\/\" \/>\n<meta property=\"og:locale\" content=\"de_DE\" \/>\n<meta property=\"og:type\" content=\"article\" \/>\n<meta property=\"og:title\" content=\"Couchtisch aus versteinertem Holz schwarz | 38x50cm | Munker Interiors\" \/>\n<meta property=\"og:description\" content=\"Bestellen Sie hier Ihren einzigartigen Couchtisch aus versteinertem Holz! Erh\u00e4ltlich in verschiedenen Gr\u00f6\u00dfen! \u2713Gro\u00dfes Sortiment!\" \/>\n<meta property=\"og:url\" content=\"https:\/\/www.munker-interiors.com\/de\/produkt\/couchtisch-aus-versteinertem-holz-schwarz-weiss\/\" \/>\n<meta property=\"og:site_name\" content=\"Munker Versteend Hout\" \/>\n<meta property=\"og:image\" content=\"https:\/\/www.munker-interiors.com\/wp-content\/uploads\/2022\/07\/IMG_E2553-scaled.jpg\" \/>\n\t<meta property=\"og:image:width\" content=\"2560\" \/>\n\t<meta property=\"og:image:height\" content=\"2560\" \/>\n\t<meta property=\"og:image:type\" content=\"image\/jpeg\" \/>\n<meta name=\"twitter:card\" content=\"summary_large_image\" \/>\n<script type=\"application\/ld+json\" class=\"yoast-schema-graph\">{\"@context\":\"https:\\\/\\\/schema.org\",\"@graph\":[{\"@type\":\"WebPage\",\"@id\":\"https:\\\/\\\/www.munker-interiors.com\\\/de\\\/produkt\\\/couchtisch-aus-versteinertem-holz-schwarz-weiss\\\/\",\"url\":\"https:\\\/\\\/www.munker-interiors.com\\\/de\\\/produkt\\\/couchtisch-aus-versteinertem-holz-schwarz-weiss\\\/\",\"name\":\"Couchtisch aus versteinertem Holz schwarz | 38x50cm | Munker Interiors\",\"isPartOf\":{\"@id\":\"https:\\\/\\\/www.munker-interiors.com\\\/de\\\/#website\"},\"primaryImageOfPage\":{\"@id\":\"https:\\\/\\\/www.munker-interiors.com\\\/de\\\/produkt\\\/couchtisch-aus-versteinertem-holz-schwarz-weiss\\\/#primaryimage\"},\"image\":{\"@id\":\"https:\\\/\\\/www.munker-interiors.com\\\/de\\\/produkt\\\/couchtisch-aus-versteinertem-holz-schwarz-weiss\\\/#primaryimage\"},\"thumbnailUrl\":\"https:\\\/\\\/www.munker-interiors.com\\\/wp-content\\\/uploads\\\/2022\\\/07\\\/IMG_E2553-scaled.jpg\",\"datePublished\":\"2022-07-16T13:43:41+00:00\",\"description\":\"Bestellen Sie hier Ihren einzigartigen Couchtisch aus versteinertem Holz! Erh\u00e4ltlich in verschiedenen Gr\u00f6\u00dfen! \u2713Gro\u00dfes Sortiment!\",\"breadcrumb\":{\"@id\":\"https:\\\/\\\/www.munker-interiors.com\\\/de\\\/produkt\\\/couchtisch-aus-versteinertem-holz-schwarz-weiss\\\/#breadcrumb\"},\"inLanguage\":\"de\",\"potentialAction\":[{\"@type\":\"ReadAction\",\"target\":[\"https:\\\/\\\/www.munker-interiors.com\\\/de\\\/produkt\\\/couchtisch-aus-versteinertem-holz-schwarz-weiss\\\/\"]}]},{\"@type\":\"ImageObject\",\"inLanguage\":\"de\",\"@id\":\"https:\\\/\\\/www.munker-interiors.com\\\/de\\\/produkt\\\/couchtisch-aus-versteinertem-holz-schwarz-weiss\\\/#primaryimage\",\"url\":\"https:\\\/\\\/www.munker-interiors.com\\\/wp-content\\\/uploads\\\/2022\\\/07\\\/IMG_E2553-scaled.jpg\",\"contentUrl\":\"https:\\\/\\\/www.munker-interiors.com\\\/wp-content\\\/uploads\\\/2022\\\/07\\\/IMG_E2553-scaled.jpg\",\"width\":2560,\"height\":2560,\"caption\":\"Couchtisch Versteinertes Holz\"},{\"@type\":\"BreadcrumbList\",\"@id\":\"https:\\\/\\\/www.munker-interiors.com\\\/de\\\/produkt\\\/couchtisch-aus-versteinertem-holz-schwarz-weiss\\\/#breadcrumb\",\"itemListElement\":[{\"@type\":\"ListItem\",\"position\":1,\"name\":\"Home\",\"item\":\"https:\\\/\\\/www.munker-interiors.com\\\/de\\\/\"},{\"@type\":\"ListItem\",\"position\":2,\"name\":\"Winkel\",\"item\":\"https:\\\/\\\/www.munker-interiors.com\\\/nl\\\/winkel\\\/\"},{\"@type\":\"ListItem\",\"position\":3,\"name\":\"Couchtisch aus versteinertem Holz &#8211; schwarz &amp; wei\u00df\"}]},{\"@type\":\"WebSite\",\"@id\":\"https:\\\/\\\/www.munker-interiors.com\\\/de\\\/#website\",\"url\":\"https:\\\/\\\/www.munker-interiors.com\\\/de\\\/\",\"name\":\"Munker Versteend Hout\",\"description\":\"\",\"publisher\":{\"@id\":\"https:\\\/\\\/www.munker-interiors.com\\\/de\\\/#organization\"},\"potentialAction\":[{\"@type\":\"SearchAction\",\"target\":{\"@type\":\"EntryPoint\",\"urlTemplate\":\"https:\\\/\\\/www.munker-interiors.com\\\/de\\\/?s={search_term_string}\"},\"query-input\":{\"@type\":\"PropertyValueSpecification\",\"valueRequired\":true,\"valueName\":\"search_term_string\"}}],\"inLanguage\":\"de\"},{\"@type\":\"Organization\",\"@id\":\"https:\\\/\\\/www.munker-interiors.com\\\/de\\\/#organization\",\"name\":\"Munker Versteend Hout\",\"url\":\"https:\\\/\\\/www.munker-interiors.com\\\/de\\\/\",\"logo\":{\"@type\":\"ImageObject\",\"inLanguage\":\"de\",\"@id\":\"https:\\\/\\\/www.munker-interiors.com\\\/de\\\/#\\\/schema\\\/logo\\\/image\\\/\",\"url\":\"https:\\\/\\\/www.munker-interiors.com\\\/wp-content\\\/uploads\\\/2022\\\/04\\\/vector-01-1-1.svg\",\"contentUrl\":\"https:\\\/\\\/www.munker-interiors.com\\\/wp-content\\\/uploads\\\/2022\\\/04\\\/vector-01-1-1.svg\",\"caption\":\"Munker Versteend Hout\"},\"image\":{\"@id\":\"https:\\\/\\\/www.munker-interiors.com\\\/de\\\/#\\\/schema\\\/logo\\\/image\\\/\"}}]}<\/script>\n<!-- \/ Yoast SEO plugin. -->","yoast_head_json":{"title":"Couchtisch aus versteinertem Holz schwarz | 38x50cm | Munker Interiors","description":"Bestellen Sie hier Ihren einzigartigen Couchtisch aus versteinertem Holz! Erh\u00e4ltlich in verschiedenen Gr\u00f6\u00dfen! \u2713Gro\u00dfes Sortiment!","robots":{"index":"index","follow":"follow","max-snippet":"max-snippet:-1","max-image-preview":"max-image-preview:large","max-video-preview":"max-video-preview:-1"},"canonical":"https:\/\/www.munker-interiors.com\/de\/produkt\/couchtisch-aus-versteinertem-holz-schwarz-weiss\/","og_locale":"de_DE","og_type":"article","og_title":"Couchtisch aus versteinertem Holz schwarz | 38x50cm | Munker Interiors","og_description":"Bestellen Sie hier Ihren einzigartigen Couchtisch aus versteinertem Holz! Erh\u00e4ltlich in verschiedenen Gr\u00f6\u00dfen! \u2713Gro\u00dfes Sortiment!","og_url":"https:\/\/www.munker-interiors.com\/de\/produkt\/couchtisch-aus-versteinertem-holz-schwarz-weiss\/","og_site_name":"Munker Versteend Hout","og_image":[{"width":2560,"height":2560,"url":"https:\/\/www.munker-interiors.com\/wp-content\/uploads\/2022\/07\/IMG_E2553-scaled.jpg","type":"image\/jpeg"}],"twitter_card":"summary_large_image","schema":{"@context":"https:\/\/schema.org","@graph":[{"@type":"WebPage","@id":"https:\/\/www.munker-interiors.com\/de\/produkt\/couchtisch-aus-versteinertem-holz-schwarz-weiss\/","url":"https:\/\/www.munker-interiors.com\/de\/produkt\/couchtisch-aus-versteinertem-holz-schwarz-weiss\/","name":"Couchtisch aus versteinertem Holz schwarz | 38x50cm | Munker Interiors","isPartOf":{"@id":"https:\/\/www.munker-interiors.com\/de\/#website"},"primaryImageOfPage":{"@id":"https:\/\/www.munker-interiors.com\/de\/produkt\/couchtisch-aus-versteinertem-holz-schwarz-weiss\/#primaryimage"},"image":{"@id":"https:\/\/www.munker-interiors.com\/de\/produkt\/couchtisch-aus-versteinertem-holz-schwarz-weiss\/#primaryimage"},"thumbnailUrl":"https:\/\/www.munker-interiors.com\/wp-content\/uploads\/2022\/07\/IMG_E2553-scaled.jpg","datePublished":"2022-07-16T13:43:41+00:00","description":"Bestellen Sie hier Ihren einzigartigen Couchtisch aus versteinertem Holz! Erh\u00e4ltlich in verschiedenen Gr\u00f6\u00dfen! \u2713Gro\u00dfes Sortiment!","breadcrumb":{"@id":"https:\/\/www.munker-interiors.com\/de\/produkt\/couchtisch-aus-versteinertem-holz-schwarz-weiss\/#breadcrumb"},"inLanguage":"de","potentialAction":[{"@type":"ReadAction","target":["https:\/\/www.munker-interiors.com\/de\/produkt\/couchtisch-aus-versteinertem-holz-schwarz-weiss\/"]}]},{"@type":"ImageObject","inLanguage":"de","@id":"https:\/\/www.munker-interiors.com\/de\/produkt\/couchtisch-aus-versteinertem-holz-schwarz-weiss\/#primaryimage","url":"https:\/\/www.munker-interiors.com\/wp-content\/uploads\/2022\/07\/IMG_E2553-scaled.jpg","contentUrl":"https:\/\/www.munker-interiors.com\/wp-content\/uploads\/2022\/07\/IMG_E2553-scaled.jpg","width":2560,"height":2560,"caption":"Couchtisch Versteinertes Holz"},{"@type":"BreadcrumbList","@id":"https:\/\/www.munker-interiors.com\/de\/produkt\/couchtisch-aus-versteinertem-holz-schwarz-weiss\/#breadcrumb","itemListElement":[{"@type":"ListItem","position":1,"name":"Home","item":"https:\/\/www.munker-interiors.com\/de\/"},{"@type":"ListItem","position":2,"name":"Winkel","item":"https:\/\/www.munker-interiors.com\/nl\/winkel\/"},{"@type":"ListItem","position":3,"name":"Couchtisch aus versteinertem Holz &#8211; schwarz &amp; wei\u00df"}]},{"@type":"WebSite","@id":"https:\/\/www.munker-interiors.com\/de\/#website","url":"https:\/\/www.munker-interiors.com\/de\/","name":"Munker Versteend Hout","description":"","publisher":{"@id":"https:\/\/www.munker-interiors.com\/de\/#organization"},"potentialAction":[{"@type":"SearchAction","target":{"@type":"EntryPoint","urlTemplate":"https:\/\/www.munker-interiors.com\/de\/?s={search_term_string}"},"query-input":{"@type":"PropertyValueSpecification","valueRequired":true,"valueName":"search_term_string"}}],"inLanguage":"de"},{"@type":"Organization","@id":"https:\/\/www.munker-interiors.com\/de\/#organization","name":"Munker Versteend Hout","url":"https:\/\/www.munker-interiors.com\/de\/","logo":{"@type":"ImageObject","inLanguage":"de","@id":"https:\/\/www.munker-interiors.com\/de\/#\/schema\/logo\/image\/","url":"https:\/\/www.munker-interiors.com\/wp-content\/uploads\/2022\/04\/vector-01-1-1.svg","contentUrl":"https:\/\/www.munker-interiors.com\/wp-content\/uploads\/2022\/04\/vector-01-1-1.svg","caption":"Munker Versteend Hout"},"image":{"@id":"https:\/\/www.munker-interiors.com\/de\/#\/schema\/logo\/image\/"}}]}},"_links":{"self":[{"href":"https:\/\/www.munker-interiors.com\/de\/wp-json\/wp\/v2\/product\/15183","targetHints":{"allow":["GET"]}}],"collection":[{"href":"https:\/\/www.munker-interiors.com\/de\/wp-json\/wp\/v2\/product"}],"about":[{"href":"https:\/\/www.munker-interiors.com\/de\/wp-json\/wp\/v2\/types\/product"}],"replies":[{"embeddable":true,"href":"https:\/\/www.munker-interiors.com\/de\/wp-json\/wp\/v2\/comments?post=15183"}],"wp:featuredmedia":[{"embeddable":true,"href":"https:\/\/www.munker-interiors.com\/de\/wp-json\/wp\/v2\/media\/1140"}],"wp:attachment":[{"href":"https:\/\/www.munker-interiors.com\/de\/wp-json\/wp\/v2\/media?parent=15183"}],"wp:term":[{"taxonomy":"product_brand","embeddable":true,"href":"https:\/\/www.munker-interiors.com\/de\/wp-json\/wp\/v2\/product_brand?post=15183"},{"taxonomy":"product_cat","embeddable":true,"href":"https:\/\/www.munker-interiors.com\/de\/wp-json\/wp\/v2\/product_cat?post=15183"},{"taxonomy":"product_tag","embeddable":true,"href":"https:\/\/www.munker-interiors.com\/de\/wp-json\/wp\/v2\/product_tag?post=15183"}],"curies":[{"name":"wp","href":"https:\/\/api.w.org\/{rel}","templated":true}]}}