{"id":15191,"date":"2022-07-07T15:03:16","date_gmt":"2022-07-07T13:03:16","guid":{"rendered":"https:\/\/www.munker-interiors.com\/product\/tv-moebel-new-york-2\/"},"modified":"2022-07-07T15:03:16","modified_gmt":"2022-07-07T13:03:16","slug":"tv-moebel-new-york-2","status":"publish","type":"product","link":"https:\/\/www.munker-interiors.com\/de\/produkt\/tv-moebel-new-york-2\/","title":{"rendered":"TV-M\u00f6bel &#8211; New York"},"content":{"rendered":"<ul>\n<li>Farbe: Schwarz<\/li>\n<li>Marke: Munker<\/li>\n<li>Abmessungen: 210x45x50 cm<\/li>\n<\/ul>\n","protected":false},"excerpt":{"rendered":"<p>Sch\u00f6ner schwarzer TV-Schrank im Fischgr\u00e4tenmuster. Der schwarze Stahl in Kombination mit dem Fischgr\u00e4tenmuster macht diese M\u00f6bel zu etwas Besonderem. Dieses Fernsehm\u00f6bel l\u00e4sst sich hervorragend mit den \u00fcbrigen M\u00f6beln unserer New Yorker Serie kombinieren, wie z. B. Sideboard und F\u00e4cherschrank.<\/p>\n","protected":false},"featured_media":1056,"comment_status":"open","ping_status":"closed","template":"","meta":{"_acf_changed":false},"product_brand":[],"product_cat":[552,559],"product_tag":[],"class_list":{"0":"post-15191","1":"product","2":"type-product","3":"status-publish","4":"has-post-thumbnail","6":"product_cat-schraenke","7":"product_cat-tv-moebel","8":"tm-no-options","10":"first","11":"instock","12":"taxable","13":"shipping-taxable","14":"purchasable","15":"product-type-simple"},"acf":[],"yoast_head":"<!-- This site is optimized with the Yoast SEO plugin v27.3 - https:\/\/yoast.com\/product\/yoast-seo-wordpress\/ -->\n<title>TV-M\u00f6bel New York 210cm | Mango-Holz | Munker Interiors<\/title>\n<meta name=\"description\" content=\"Suchen Sie ein sch\u00f6nes TV-M\u00f6bel mit Fischgr\u00e4tenmuster? Sehen Sie es sich hier in schwarzem Mangoholz an! \u2713 Gro\u00dfe Auswahl!\" \/>\n<meta name=\"robots\" content=\"index, follow, max-snippet:-1, max-image-preview:large, max-video-preview:-1\" \/>\n<link rel=\"canonical\" href=\"https:\/\/www.munker-interiors.com\/de\/produkt\/tv-moebel-new-york-2\/\" \/>\n<meta property=\"og:locale\" content=\"de_DE\" \/>\n<meta property=\"og:type\" content=\"article\" \/>\n<meta property=\"og:title\" content=\"TV-M\u00f6bel New York 210cm | Mango-Holz | Munker Interiors\" \/>\n<meta property=\"og:description\" content=\"Suchen Sie ein sch\u00f6nes TV-M\u00f6bel mit Fischgr\u00e4tenmuster? Sehen Sie es sich hier in schwarzem Mangoholz an! \u2713 Gro\u00dfe Auswahl!\" \/>\n<meta property=\"og:url\" content=\"https:\/\/www.munker-interiors.com\/de\/produkt\/tv-moebel-new-york-2\/\" \/>\n<meta property=\"og:site_name\" content=\"Munker Versteend Hout\" \/>\n<meta property=\"og:image\" content=\"https:\/\/www.munker-interiors.com\/wp-content\/uploads\/2022\/07\/New-york-210.png\" \/>\n\t<meta property=\"og:image:width\" content=\"600\" \/>\n\t<meta property=\"og:image:height\" content=\"600\" \/>\n\t<meta property=\"og:image:type\" content=\"image\/png\" \/>\n<meta name=\"twitter:card\" content=\"summary_large_image\" \/>\n<script type=\"application\/ld+json\" class=\"yoast-schema-graph\">{\"@context\":\"https:\\\/\\\/schema.org\",\"@graph\":[{\"@type\":\"WebPage\",\"@id\":\"https:\\\/\\\/www.munker-interiors.com\\\/de\\\/produkt\\\/tv-moebel-new-york-2\\\/\",\"url\":\"https:\\\/\\\/www.munker-interiors.com\\\/de\\\/produkt\\\/tv-moebel-new-york-2\\\/\",\"name\":\"TV-M\u00f6bel New York 210cm | Mango-Holz | Munker Interiors\",\"isPartOf\":{\"@id\":\"https:\\\/\\\/www.munker-interiors.com\\\/de\\\/#website\"},\"primaryImageOfPage\":{\"@id\":\"https:\\\/\\\/www.munker-interiors.com\\\/de\\\/produkt\\\/tv-moebel-new-york-2\\\/#primaryimage\"},\"image\":{\"@id\":\"https:\\\/\\\/www.munker-interiors.com\\\/de\\\/produkt\\\/tv-moebel-new-york-2\\\/#primaryimage\"},\"thumbnailUrl\":\"https:\\\/\\\/www.munker-interiors.com\\\/wp-content\\\/uploads\\\/2022\\\/07\\\/New-york-210.png\",\"datePublished\":\"2022-07-07T13:03:16+00:00\",\"description\":\"Suchen Sie ein sch\u00f6nes TV-M\u00f6bel mit Fischgr\u00e4tenmuster? Sehen Sie es sich hier in schwarzem Mangoholz an! \u2713 Gro\u00dfe Auswahl!\",\"breadcrumb\":{\"@id\":\"https:\\\/\\\/www.munker-interiors.com\\\/de\\\/produkt\\\/tv-moebel-new-york-2\\\/#breadcrumb\"},\"inLanguage\":\"de\",\"potentialAction\":[{\"@type\":\"ReadAction\",\"target\":[\"https:\\\/\\\/www.munker-interiors.com\\\/de\\\/produkt\\\/tv-moebel-new-york-2\\\/\"]}]},{\"@type\":\"ImageObject\",\"inLanguage\":\"de\",\"@id\":\"https:\\\/\\\/www.munker-interiors.com\\\/de\\\/produkt\\\/tv-moebel-new-york-2\\\/#primaryimage\",\"url\":\"https:\\\/\\\/www.munker-interiors.com\\\/wp-content\\\/uploads\\\/2022\\\/07\\\/New-york-210.png\",\"contentUrl\":\"https:\\\/\\\/www.munker-interiors.com\\\/wp-content\\\/uploads\\\/2022\\\/07\\\/New-york-210.png\",\"width\":600,\"height\":600,\"caption\":\"Fischgr\u00e4t-TV-Schrank schwarz\"},{\"@type\":\"BreadcrumbList\",\"@id\":\"https:\\\/\\\/www.munker-interiors.com\\\/de\\\/produkt\\\/tv-moebel-new-york-2\\\/#breadcrumb\",\"itemListElement\":[{\"@type\":\"ListItem\",\"position\":1,\"name\":\"Home\",\"item\":\"https:\\\/\\\/www.munker-interiors.com\\\/de\\\/\"},{\"@type\":\"ListItem\",\"position\":2,\"name\":\"Winkel\",\"item\":\"https:\\\/\\\/www.munker-interiors.com\\\/nl\\\/winkel\\\/\"},{\"@type\":\"ListItem\",\"position\":3,\"name\":\"TV-M\u00f6bel &#8211; New York\"}]},{\"@type\":\"WebSite\",\"@id\":\"https:\\\/\\\/www.munker-interiors.com\\\/de\\\/#website\",\"url\":\"https:\\\/\\\/www.munker-interiors.com\\\/de\\\/\",\"name\":\"Munker Versteend Hout\",\"description\":\"\",\"publisher\":{\"@id\":\"https:\\\/\\\/www.munker-interiors.com\\\/de\\\/#organization\"},\"potentialAction\":[{\"@type\":\"SearchAction\",\"target\":{\"@type\":\"EntryPoint\",\"urlTemplate\":\"https:\\\/\\\/www.munker-interiors.com\\\/de\\\/?s={search_term_string}\"},\"query-input\":{\"@type\":\"PropertyValueSpecification\",\"valueRequired\":true,\"valueName\":\"search_term_string\"}}],\"inLanguage\":\"de\"},{\"@type\":\"Organization\",\"@id\":\"https:\\\/\\\/www.munker-interiors.com\\\/de\\\/#organization\",\"name\":\"Munker Versteend Hout\",\"url\":\"https:\\\/\\\/www.munker-interiors.com\\\/de\\\/\",\"logo\":{\"@type\":\"ImageObject\",\"inLanguage\":\"de\",\"@id\":\"https:\\\/\\\/www.munker-interiors.com\\\/de\\\/#\\\/schema\\\/logo\\\/image\\\/\",\"url\":\"https:\\\/\\\/www.munker-interiors.com\\\/wp-content\\\/uploads\\\/2022\\\/04\\\/vector-01-1-1.svg\",\"contentUrl\":\"https:\\\/\\\/www.munker-interiors.com\\\/wp-content\\\/uploads\\\/2022\\\/04\\\/vector-01-1-1.svg\",\"caption\":\"Munker Versteend Hout\"},\"image\":{\"@id\":\"https:\\\/\\\/www.munker-interiors.com\\\/de\\\/#\\\/schema\\\/logo\\\/image\\\/\"}}]}<\/script>\n<!-- \/ Yoast SEO plugin. -->","yoast_head_json":{"title":"TV-M\u00f6bel New York 210cm | Mango-Holz | Munker Interiors","description":"Suchen Sie ein sch\u00f6nes TV-M\u00f6bel mit Fischgr\u00e4tenmuster? Sehen Sie es sich hier in schwarzem Mangoholz an! \u2713 Gro\u00dfe Auswahl!","robots":{"index":"index","follow":"follow","max-snippet":"max-snippet:-1","max-image-preview":"max-image-preview:large","max-video-preview":"max-video-preview:-1"},"canonical":"https:\/\/www.munker-interiors.com\/de\/produkt\/tv-moebel-new-york-2\/","og_locale":"de_DE","og_type":"article","og_title":"TV-M\u00f6bel New York 210cm | Mango-Holz | Munker Interiors","og_description":"Suchen Sie ein sch\u00f6nes TV-M\u00f6bel mit Fischgr\u00e4tenmuster? Sehen Sie es sich hier in schwarzem Mangoholz an! \u2713 Gro\u00dfe Auswahl!","og_url":"https:\/\/www.munker-interiors.com\/de\/produkt\/tv-moebel-new-york-2\/","og_site_name":"Munker Versteend Hout","og_image":[{"width":600,"height":600,"url":"https:\/\/www.munker-interiors.com\/wp-content\/uploads\/2022\/07\/New-york-210.png","type":"image\/png"}],"twitter_card":"summary_large_image","schema":{"@context":"https:\/\/schema.org","@graph":[{"@type":"WebPage","@id":"https:\/\/www.munker-interiors.com\/de\/produkt\/tv-moebel-new-york-2\/","url":"https:\/\/www.munker-interiors.com\/de\/produkt\/tv-moebel-new-york-2\/","name":"TV-M\u00f6bel New York 210cm | Mango-Holz | Munker Interiors","isPartOf":{"@id":"https:\/\/www.munker-interiors.com\/de\/#website"},"primaryImageOfPage":{"@id":"https:\/\/www.munker-interiors.com\/de\/produkt\/tv-moebel-new-york-2\/#primaryimage"},"image":{"@id":"https:\/\/www.munker-interiors.com\/de\/produkt\/tv-moebel-new-york-2\/#primaryimage"},"thumbnailUrl":"https:\/\/www.munker-interiors.com\/wp-content\/uploads\/2022\/07\/New-york-210.png","datePublished":"2022-07-07T13:03:16+00:00","description":"Suchen Sie ein sch\u00f6nes TV-M\u00f6bel mit Fischgr\u00e4tenmuster? Sehen Sie es sich hier in schwarzem Mangoholz an! \u2713 Gro\u00dfe Auswahl!","breadcrumb":{"@id":"https:\/\/www.munker-interiors.com\/de\/produkt\/tv-moebel-new-york-2\/#breadcrumb"},"inLanguage":"de","potentialAction":[{"@type":"ReadAction","target":["https:\/\/www.munker-interiors.com\/de\/produkt\/tv-moebel-new-york-2\/"]}]},{"@type":"ImageObject","inLanguage":"de","@id":"https:\/\/www.munker-interiors.com\/de\/produkt\/tv-moebel-new-york-2\/#primaryimage","url":"https:\/\/www.munker-interiors.com\/wp-content\/uploads\/2022\/07\/New-york-210.png","contentUrl":"https:\/\/www.munker-interiors.com\/wp-content\/uploads\/2022\/07\/New-york-210.png","width":600,"height":600,"caption":"Fischgr\u00e4t-TV-Schrank schwarz"},{"@type":"BreadcrumbList","@id":"https:\/\/www.munker-interiors.com\/de\/produkt\/tv-moebel-new-york-2\/#breadcrumb","itemListElement":[{"@type":"ListItem","position":1,"name":"Home","item":"https:\/\/www.munker-interiors.com\/de\/"},{"@type":"ListItem","position":2,"name":"Winkel","item":"https:\/\/www.munker-interiors.com\/nl\/winkel\/"},{"@type":"ListItem","position":3,"name":"TV-M\u00f6bel &#8211; New York"}]},{"@type":"WebSite","@id":"https:\/\/www.munker-interiors.com\/de\/#website","url":"https:\/\/www.munker-interiors.com\/de\/","name":"Munker Versteend Hout","description":"","publisher":{"@id":"https:\/\/www.munker-interiors.com\/de\/#organization"},"potentialAction":[{"@type":"SearchAction","target":{"@type":"EntryPoint","urlTemplate":"https:\/\/www.munker-interiors.com\/de\/?s={search_term_string}"},"query-input":{"@type":"PropertyValueSpecification","valueRequired":true,"valueName":"search_term_string"}}],"inLanguage":"de"},{"@type":"Organization","@id":"https:\/\/www.munker-interiors.com\/de\/#organization","name":"Munker Versteend Hout","url":"https:\/\/www.munker-interiors.com\/de\/","logo":{"@type":"ImageObject","inLanguage":"de","@id":"https:\/\/www.munker-interiors.com\/de\/#\/schema\/logo\/image\/","url":"https:\/\/www.munker-interiors.com\/wp-content\/uploads\/2022\/04\/vector-01-1-1.svg","contentUrl":"https:\/\/www.munker-interiors.com\/wp-content\/uploads\/2022\/04\/vector-01-1-1.svg","caption":"Munker Versteend Hout"},"image":{"@id":"https:\/\/www.munker-interiors.com\/de\/#\/schema\/logo\/image\/"}}]}},"_links":{"self":[{"href":"https:\/\/www.munker-interiors.com\/de\/wp-json\/wp\/v2\/product\/15191","targetHints":{"allow":["GET"]}}],"collection":[{"href":"https:\/\/www.munker-interiors.com\/de\/wp-json\/wp\/v2\/product"}],"about":[{"href":"https:\/\/www.munker-interiors.com\/de\/wp-json\/wp\/v2\/types\/product"}],"replies":[{"embeddable":true,"href":"https:\/\/www.munker-interiors.com\/de\/wp-json\/wp\/v2\/comments?post=15191"}],"wp:featuredmedia":[{"embeddable":true,"href":"https:\/\/www.munker-interiors.com\/de\/wp-json\/wp\/v2\/media\/1056"}],"wp:attachment":[{"href":"https:\/\/www.munker-interiors.com\/de\/wp-json\/wp\/v2\/media?parent=15191"}],"wp:term":[{"taxonomy":"product_brand","embeddable":true,"href":"https:\/\/www.munker-interiors.com\/de\/wp-json\/wp\/v2\/product_brand?post=15191"},{"taxonomy":"product_cat","embeddable":true,"href":"https:\/\/www.munker-interiors.com\/de\/wp-json\/wp\/v2\/product_cat?post=15191"},{"taxonomy":"product_tag","embeddable":true,"href":"https:\/\/www.munker-interiors.com\/de\/wp-json\/wp\/v2\/product_tag?post=15191"}],"curies":[{"name":"wp","href":"https:\/\/api.w.org\/{rel}","templated":true}]}}