{"id":106,"date":"2022-04-29T10:55:20","date_gmt":"2022-04-29T08:55:20","guid":{"rendered":"https:\/\/www.searchflow.dev\/munker\/?page_id=106"},"modified":"2022-07-27T14:02:42","modified_gmt":"2022-07-27T12:02:42","slug":"privacy-policy","status":"publish","type":"page","link":"https:\/\/www.munker-interiors.com\/nl\/privacy-policy\/","title":{"rendered":"Privacy Policy"},"content":{"rendered":"\t\t<div data-elementor-type=\"wp-page\" data-elementor-id=\"106\" class=\"elementor elementor-106\" data-elementor-post-type=\"page\">\n\t\t\t\t\t\t<section class=\"elementor-section elementor-top-section elementor-element elementor-element-63f7820 elementor-section-boxed elementor-section-height-default elementor-section-height-default\" data-id=\"63f7820\" data-element_type=\"section\" data-e-type=\"section\">\n\t\t\t\t\t\t<div class=\"elementor-container elementor-column-gap-default\">\n\t\t\t\t\t<div class=\"elementor-column elementor-col-100 elementor-top-column elementor-element elementor-element-7c3369a\" data-id=\"7c3369a\" data-element_type=\"column\" data-e-type=\"column\">\n\t\t\t<div class=\"elementor-widget-wrap elementor-element-populated\">\n\t\t\t\t\t\t<div class=\"elementor-element elementor-element-b10b31e elementor-widget elementor-widget-heading\" data-id=\"b10b31e\" data-element_type=\"widget\" data-e-type=\"widget\" data-widget_type=\"heading.default\">\n\t\t\t\t<div class=\"elementor-widget-container\">\n\t\t\t\t\t<h2 class=\"elementor-heading-title elementor-size-default\">Privacy Policy<\/h2>\t\t\t\t<\/div>\n\t\t\t\t<\/div>\n\t\t\t\t<div class=\"elementor-element elementor-element-7e9f4ec elementor-widget elementor-widget-text-editor\" data-id=\"7e9f4ec\" data-element_type=\"widget\" data-e-type=\"widget\" data-widget_type=\"text-editor.default\">\n\t\t\t\t<div class=\"elementor-widget-container\">\n\t\t\t\t\t\t\t\t\t<p>Privacyverklaring Deze privacyverklaring richt zich tot onze bezoekers en (potenti\u00eble) klanten. Deze privacyverklaring is niet van toepassing op de diensten die door derden worden aangeboden. De persoonsgegevens en het gebruik Munker krijgt rechtstreeks van haar klanten persoonsgegevens. De navolgende persoonsgegevens worden door Munker verwerkt voor de hierna genoemde doeleinden:<\/p><p>\u25cf De contactgegevens worden gebruikt om contact met u op te nemen indien u het contactformulier op de website invult.<br \/>\u25cf De contactgegevens worden gebruikt ten behoeve van het versturen van offertes en facturen en het voeren van een juiste financi\u00eble administratie.<br \/>\u25cf Het surfgedrag op onze website, hoe lang u de website bezoekt en uw IP-adres wordt verwerkt ten behoeve van de verbetering van de website en om ons aanbod van diensten op u af te stemmen.<\/p><p>De grondslag van de verwerking<br \/>Munker verwerkt bovengenoemde persoonsgegevens op basis van een overeenkomst die wij met onze klanten sluiten. Daarnaast verwerken wij persoonsgegevens, omdat wij daartoe wettelijk verplicht zijn. Het kan ook voorkomen dat wij persoonsgegevens verwerken op basis van een gerechtvaardigd belang.<\/p><p>Met wie worden persoonsgegevens gedeeld?<br \/>Munker deelt uitsluitend de benodigde persoonsgegevens met derden indien dit noodzakelijk is voor de uitvoering van de werkzaamheden. Het doel van de verwerking wordt daarbij steeds in acht genomen. In het geval Munker ervoor kiest om een derde partij uw persoonsgegevens te laten verwerken, wordt een verwerkersovereenkomst gesloten.<\/p><p>Bewaartermijnen<br \/>De persoonsgegevens van onze klanten worden verwijderd nadat verwerking niet meer noodzakelijk is dan wel op het moment van het verstrijken van wettelijke bewaartermijnen.<\/p><p>De website<br \/>Wij plaatsen verschillende soorten cookies op onze website. Dit zijn kleine tekstbestandjes die onze website op uw computer, tablet of smartphone plaatst tijdens uw bezoek aan onze website. De functionele cookies zijn van belang om onze website goed te laten werken en het gebruiksgemak van de website te vergroten. Deze cookies onthouden bijvoorbeeld de voorkeursinstellingen. Door middel van de analytische cookies, van Google Analytics, wordt het websitebezoek gemeten zodat wij onze website kunnen verbeteren. Via de instellingen hebben wij ervoor gezorgd dat de persoonsgegevens zijn geanonimiseerd. Functionele en analytische cookies plaatsen wij altijd en gebruiken wij niet om bezoekers persoonlijk te identificeren. Op deze website vragen wij toestemming voor het gebruik van tracking cookies. Dit zijn niet-noodzakelijke cookies. Via deze cookies wordt uw websitebezoek gevolgd om daarmee bijvoorbeeld een profiel van de websitebezoeker op te bouwen. Eenmaal geplaatste cookies kunt u verwijderen via de instellingen van de browser die u gebruikt. De persoonsgegevens die wij op deze manier verzamelen, delen wij niet vanuit commerci\u00eble doeleinden met derden. Wij gebruiken dit ook niet om u op een andere manier informatie te verstrekken.<\/p><p>Beveiliging<br \/>Munker vindt het belangrijk dat uw persoonsgegevens veilig zijn en doet er alles aan om een op risico afgestemd beveiligingsniveau te waarborgen. Wij nemen passende technische en organisatorische maatregelen, rekening houdende met de stand van de techniek en de kosten die daarmee gemoeid zijn.<\/p><p>Uw rechten<br \/>U heeft het recht om uw persoonsgegevens in te zien, te laten corrigeren of te laten verwijderen. Ook kunt u bezwaar maken tegen uw verwerking, ons vragen om de verwerking te beperken of uw persoonsgegevens aan een derde over te dragen. Wanneer u een van uw rechten wil uitoefenen, kunt u dit aan ons doorgeven. Verzoeken stuurt u aan info@munker.com. U kunt uitsluitend een verzoek indienen voor uzelf. Omdat wij zorgvuldig omgaan met persoonsgegevens, willen wij er zeker van zijn dat de aanvraag wordt gedaan door de juiste persoon. We kunnen u daarom vragen om langs te komen om te verifi\u00ebren of u de persoon bent die het verzoek indient. Alle verzoeken zullen wij in behandeling nemen en binnen \u00e9\u00e9n maand ontvangt u van ons een reactie. In sommige gevallen kan het voorkomen dat wij geen gehoor kunnen geven aan bijvoorbeeld een verzoek tot verwijdering. Een van de redenen is dat wij gebonden zijn aan een wettelijke bewaartermijn en deze termijn bijvoorbeeld nog niet is verstreken.<\/p><p>Klachten<br \/>Indien u ontevreden bent over de wijze waarop wij met uw persoonsgegevens omgaan, kunt u dit tevens via info@munker.com aan ons doorgeven. Ook heeft u het recht om een klacht in te dienen bij de Autoriteit Persoonsgegevens. Wijzigingen in de privacyverklaring Deze privacyverklaring is vastgesteld op 10-03-2021 en voor het laatst gewijzigd op 10-03-2021. Vanwege mogelijke wijzigingen in wet- en regelgeving en\/of wijzigingen in de verwerking van persoonsgegevens behoudt Munker zich het recht voor om de inhoud van deze privacyverklaring te wijzigen. Om op de hoogte te blijven van eventuele wijzigingen, adviseren wij deze privacyverklaring regelmatig te bekijken. Contactgegevens Munker is de verwerkingsverantwoordelijke voor de bovengenoemde verwerkingen, omdat wij het doel en de middelen van de verwerking bepalen. Munker is gevestigd te (7558 PJ) Hengelo aan de Oosterveldsingel 1 en te bereiken via: info@munker.com.<\/p>\t\t\t\t\t\t\t\t<\/div>\n\t\t\t\t<\/div>\n\t\t\t\t\t<\/div>\n\t\t<\/div>\n\t\t\t\t\t<\/div>\n\t\t<\/section>\n\t\t\t\t<\/div>\n\t\t","protected":false},"excerpt":{"rendered":"<p>Privacy Policy Privacyverklaring Deze privacyverklaring richt zich tot onze bezoekers en (potenti\u00eble) klanten. Deze privacyverklaring is niet van toepassing op de diensten die door derden worden aangeboden. De persoonsgegevens en het gebruik Munker krijgt rechtstreeks van haar klanten persoonsgegevens. De navolgende persoonsgegevens worden door Munker verwerkt voor de hierna genoemde doeleinden: \u25cf De contactgegevens worden [&hellip;]<\/p>\n","protected":false},"author":1,"featured_media":0,"parent":0,"menu_order":0,"comment_status":"closed","ping_status":"closed","template":"","meta":{"_acf_changed":false,"footnotes":""},"class_list":["post-106","page","type-page","status-publish","hentry"],"acf":[],"yoast_head":"<!-- This site is optimized with the Yoast SEO plugin v27.5 - https:\/\/yoast.com\/product\/yoast-seo-wordpress\/ -->\n<title>Privacy Policy - Munker Versteend Hout<\/title>\n<meta name=\"robots\" content=\"index, follow, max-snippet:-1, max-image-preview:large, max-video-preview:-1\" \/>\n<link rel=\"canonical\" href=\"https:\/\/www.munker-interiors.com\/nl\/privacy-policy\/\" \/>\n<meta property=\"og:locale\" content=\"nl_NL\" \/>\n<meta property=\"og:type\" content=\"article\" \/>\n<meta property=\"og:title\" content=\"Privacy Policy - Munker Versteend Hout\" \/>\n<meta property=\"og:description\" content=\"Privacy Policy Privacyverklaring Deze privacyverklaring richt zich tot onze bezoekers en (potenti\u00eble) klanten. Deze privacyverklaring is niet van toepassing op de diensten die door derden worden aangeboden. De persoonsgegevens en het gebruik Munker krijgt rechtstreeks van haar klanten persoonsgegevens. De navolgende persoonsgegevens worden door Munker verwerkt voor de hierna genoemde doeleinden: \u25cf De contactgegevens worden [&hellip;]\" \/>\n<meta property=\"og:url\" content=\"https:\/\/www.munker-interiors.com\/nl\/privacy-policy\/\" \/>\n<meta property=\"og:site_name\" content=\"Munker Versteend Hout\" \/>\n<meta property=\"article:modified_time\" content=\"2022-07-27T12:02:42+00:00\" \/>\n<meta name=\"twitter:card\" content=\"summary_large_image\" \/>\n<meta name=\"twitter:label1\" content=\"Geschatte leestijd\" \/>\n\t<meta name=\"twitter:data1\" content=\"4 minuten\" \/>\n<script type=\"application\/ld+json\" class=\"yoast-schema-graph\">{\"@context\":\"https:\\\/\\\/schema.org\",\"@graph\":[{\"@type\":\"WebPage\",\"@id\":\"https:\\\/\\\/www.munker-interiors.com\\\/nl\\\/privacy-policy\\\/\",\"url\":\"https:\\\/\\\/www.munker-interiors.com\\\/nl\\\/privacy-policy\\\/\",\"name\":\"Privacy Policy - Munker Versteend Hout\",\"isPartOf\":{\"@id\":\"https:\\\/\\\/www.munker-interiors.com\\\/nl\\\/#website\"},\"datePublished\":\"2022-04-29T08:55:20+00:00\",\"dateModified\":\"2022-07-27T12:02:42+00:00\",\"breadcrumb\":{\"@id\":\"https:\\\/\\\/www.munker-interiors.com\\\/nl\\\/privacy-policy\\\/#breadcrumb\"},\"inLanguage\":\"nl-NL\",\"potentialAction\":[{\"@type\":\"ReadAction\",\"target\":[\"https:\\\/\\\/www.munker-interiors.com\\\/nl\\\/privacy-policy\\\/\"]}]},{\"@type\":\"BreadcrumbList\",\"@id\":\"https:\\\/\\\/www.munker-interiors.com\\\/nl\\\/privacy-policy\\\/#breadcrumb\",\"itemListElement\":[{\"@type\":\"ListItem\",\"position\":1,\"name\":\"Home\",\"item\":\"https:\\\/\\\/www.munker-interiors.com\\\/nl\\\/\"},{\"@type\":\"ListItem\",\"position\":2,\"name\":\"Privacy Policy\"}]},{\"@type\":\"WebSite\",\"@id\":\"https:\\\/\\\/www.munker-interiors.com\\\/nl\\\/#website\",\"url\":\"https:\\\/\\\/www.munker-interiors.com\\\/nl\\\/\",\"name\":\"Munker Versteend Hout\",\"description\":\"\",\"publisher\":{\"@id\":\"https:\\\/\\\/www.munker-interiors.com\\\/nl\\\/#organization\"},\"potentialAction\":[{\"@type\":\"SearchAction\",\"target\":{\"@type\":\"EntryPoint\",\"urlTemplate\":\"https:\\\/\\\/www.munker-interiors.com\\\/nl\\\/?s={search_term_string}\"},\"query-input\":{\"@type\":\"PropertyValueSpecification\",\"valueRequired\":true,\"valueName\":\"search_term_string\"}}],\"inLanguage\":\"nl-NL\"},{\"@type\":\"Organization\",\"@id\":\"https:\\\/\\\/www.munker-interiors.com\\\/nl\\\/#organization\",\"name\":\"Munker Versteend Hout\",\"url\":\"https:\\\/\\\/www.munker-interiors.com\\\/nl\\\/\",\"logo\":{\"@type\":\"ImageObject\",\"inLanguage\":\"nl-NL\",\"@id\":\"https:\\\/\\\/www.munker-interiors.com\\\/nl\\\/#\\\/schema\\\/logo\\\/image\\\/\",\"url\":\"https:\\\/\\\/www.munker-interiors.com\\\/wp-content\\\/uploads\\\/2022\\\/04\\\/vector-01-1-1.svg\",\"contentUrl\":\"https:\\\/\\\/www.munker-interiors.com\\\/wp-content\\\/uploads\\\/2022\\\/04\\\/vector-01-1-1.svg\",\"caption\":\"Munker Versteend Hout\"},\"image\":{\"@id\":\"https:\\\/\\\/www.munker-interiors.com\\\/nl\\\/#\\\/schema\\\/logo\\\/image\\\/\"}}]}<\/script>\n<!-- \/ Yoast SEO plugin. -->","yoast_head_json":{"title":"Privacy Policy - Munker Versteend Hout","robots":{"index":"index","follow":"follow","max-snippet":"max-snippet:-1","max-image-preview":"max-image-preview:large","max-video-preview":"max-video-preview:-1"},"canonical":"https:\/\/www.munker-interiors.com\/nl\/privacy-policy\/","og_locale":"nl_NL","og_type":"article","og_title":"Privacy Policy - Munker Versteend Hout","og_description":"Privacy Policy Privacyverklaring Deze privacyverklaring richt zich tot onze bezoekers en (potenti\u00eble) klanten. Deze privacyverklaring is niet van toepassing op de diensten die door derden worden aangeboden. De persoonsgegevens en het gebruik Munker krijgt rechtstreeks van haar klanten persoonsgegevens. De navolgende persoonsgegevens worden door Munker verwerkt voor de hierna genoemde doeleinden: \u25cf De contactgegevens worden [&hellip;]","og_url":"https:\/\/www.munker-interiors.com\/nl\/privacy-policy\/","og_site_name":"Munker Versteend Hout","article_modified_time":"2022-07-27T12:02:42+00:00","twitter_card":"summary_large_image","twitter_misc":{"Geschatte leestijd":"4 minuten"},"schema":{"@context":"https:\/\/schema.org","@graph":[{"@type":"WebPage","@id":"https:\/\/www.munker-interiors.com\/nl\/privacy-policy\/","url":"https:\/\/www.munker-interiors.com\/nl\/privacy-policy\/","name":"Privacy Policy - Munker Versteend Hout","isPartOf":{"@id":"https:\/\/www.munker-interiors.com\/nl\/#website"},"datePublished":"2022-04-29T08:55:20+00:00","dateModified":"2022-07-27T12:02:42+00:00","breadcrumb":{"@id":"https:\/\/www.munker-interiors.com\/nl\/privacy-policy\/#breadcrumb"},"inLanguage":"nl-NL","potentialAction":[{"@type":"ReadAction","target":["https:\/\/www.munker-interiors.com\/nl\/privacy-policy\/"]}]},{"@type":"BreadcrumbList","@id":"https:\/\/www.munker-interiors.com\/nl\/privacy-policy\/#breadcrumb","itemListElement":[{"@type":"ListItem","position":1,"name":"Home","item":"https:\/\/www.munker-interiors.com\/nl\/"},{"@type":"ListItem","position":2,"name":"Privacy Policy"}]},{"@type":"WebSite","@id":"https:\/\/www.munker-interiors.com\/nl\/#website","url":"https:\/\/www.munker-interiors.com\/nl\/","name":"Munker Versteend Hout","description":"","publisher":{"@id":"https:\/\/www.munker-interiors.com\/nl\/#organization"},"potentialAction":[{"@type":"SearchAction","target":{"@type":"EntryPoint","urlTemplate":"https:\/\/www.munker-interiors.com\/nl\/?s={search_term_string}"},"query-input":{"@type":"PropertyValueSpecification","valueRequired":true,"valueName":"search_term_string"}}],"inLanguage":"nl-NL"},{"@type":"Organization","@id":"https:\/\/www.munker-interiors.com\/nl\/#organization","name":"Munker Versteend Hout","url":"https:\/\/www.munker-interiors.com\/nl\/","logo":{"@type":"ImageObject","inLanguage":"nl-NL","@id":"https:\/\/www.munker-interiors.com\/nl\/#\/schema\/logo\/image\/","url":"https:\/\/www.munker-interiors.com\/wp-content\/uploads\/2022\/04\/vector-01-1-1.svg","contentUrl":"https:\/\/www.munker-interiors.com\/wp-content\/uploads\/2022\/04\/vector-01-1-1.svg","caption":"Munker Versteend Hout"},"image":{"@id":"https:\/\/www.munker-interiors.com\/nl\/#\/schema\/logo\/image\/"}}]}},"_links":{"self":[{"href":"https:\/\/www.munker-interiors.com\/nl\/wp-json\/wp\/v2\/pages\/106","targetHints":{"allow":["GET"]}}],"collection":[{"href":"https:\/\/www.munker-interiors.com\/nl\/wp-json\/wp\/v2\/pages"}],"about":[{"href":"https:\/\/www.munker-interiors.com\/nl\/wp-json\/wp\/v2\/types\/page"}],"author":[{"embeddable":true,"href":"https:\/\/www.munker-interiors.com\/nl\/wp-json\/wp\/v2\/users\/1"}],"replies":[{"embeddable":true,"href":"https:\/\/www.munker-interiors.com\/nl\/wp-json\/wp\/v2\/comments?post=106"}],"version-history":[{"count":4,"href":"https:\/\/www.munker-interiors.com\/nl\/wp-json\/wp\/v2\/pages\/106\/revisions"}],"predecessor-version":[{"id":2532,"href":"https:\/\/www.munker-interiors.com\/nl\/wp-json\/wp\/v2\/pages\/106\/revisions\/2532"}],"wp:attachment":[{"href":"https:\/\/www.munker-interiors.com\/nl\/wp-json\/wp\/v2\/media?parent=106"}],"curies":[{"name":"wp","href":"https:\/\/api.w.org\/{rel}","templated":true}]}}